{"id":44355,"date":"2022-03-30T10:33:28","date_gmt":"2022-03-30T08:33:28","guid":{"rendered":"https:\/\/milkywaysblueyes.com\/?page_id=44355"},"modified":"2022-03-30T10:33:31","modified_gmt":"2022-03-30T08:33:31","slug":"mentions-legales-2","status":"publish","type":"page","link":"https:\/\/milkywaysblueyes.com\/fr\/mentions-legales-2\/","title":{"rendered":"Mentions l\u00e9gales"},"content":{"rendered":"\n<p>Ce site est la propri\u00e9t\u00e9 exclusive de CM-ECREATE SRL, immatricul\u00e9e \u00e0 la banque carrefour des entreprises et soumise \u00e0 la TVA sous le num\u00e9ro BE0666930329 dont le si\u00e8ge social se situe \u00e0 402 avenue de Tervueren 1150 Woluwe Saint Pierre, Belgique.<\/p>\n\n\n\n<p>Coordonn\u00e9es de contact : <strong>contact@milkywaysblueyes.com<\/strong><\/p>\n\n\n\n<p>Num\u00e9ro de t\u00e9l\u00e9phone :<strong> +32 470 59 63 13<\/strong><\/p>\n\n\n\n<p><\/p>\n","protected":false},"excerpt":{"rendered":"<p>Ce site est la propri\u00e9t\u00e9 exclusive de CM-ECREATE SRL, immatricul\u00e9e \u00e0 la banque carrefour des entreprises et soumise \u00e0 la TVA sous le num\u00e9ro BE0666930329 dont<span class=\"excerpt-hellip\"> [\u2026]<\/span><\/p>\n","protected":false},"author":1,"featured_media":0,"parent":0,"menu_order":0,"comment_status":"closed","ping_status":"closed","template":"","meta":{"_acf_changed":false,"footnotes":""},"class_list":["post-44355","page","type-page","status-publish","hentry"],"acf":[],"_links":{"self":[{"href":"https:\/\/milkywaysblueyes.com\/fr\/wp-json\/wp\/v2\/pages\/44355","targetHints":{"allow":["GET"]}}],"collection":[{"href":"https:\/\/milkywaysblueyes.com\/fr\/wp-json\/wp\/v2\/pages"}],"about":[{"href":"https:\/\/milkywaysblueyes.com\/fr\/wp-json\/wp\/v2\/types\/page"}],"author":[{"embeddable":true,"href":"https:\/\/milkywaysblueyes.com\/fr\/wp-json\/wp\/v2\/users\/1"}],"replies":[{"embeddable":true,"href":"https:\/\/milkywaysblueyes.com\/fr\/wp-json\/wp\/v2\/comments?post=44355"}],"version-history":[{"count":0,"href":"https:\/\/milkywaysblueyes.com\/fr\/wp-json\/wp\/v2\/pages\/44355\/revisions"}],"wp:attachment":[{"href":"https:\/\/milkywaysblueyes.com\/fr\/wp-json\/wp\/v2\/media?parent=44355"}],"curies":[{"name":"wp","href":"https:\/\/api.w.org\/{rel}","templated":true}]}}