{"id":44123,"date":"2022-03-16T20:07:26","date_gmt":"2022-03-16T19:07:26","guid":{"rendered":"https:\/\/milkywaysblueyes.com\/?page_id=44123"},"modified":"2022-11-12T14:00:58","modified_gmt":"2022-11-12T13:00:58","slug":"disclaimer","status":"publish","type":"page","link":"https:\/\/milkywaysblueyes.com\/fr\/disclaimer\/","title":{"rendered":"Disclaimer Affiliation"},"content":{"rendered":"\n<h2 class=\"wp-block-heading\">Qu&rsquo;est-ce que c&rsquo;est ? <\/h2>\n\n\n\n<p>L&rsquo;affiliation sur Internet est une m\u00e9thode  marketing permettant \u00e0 un annonceur (une marque par exemple) de promouvoir ses produits ou ses services en proposant une r\u00e9mun\u00e9ration \u00e0 des sites \u00e9diteurs (comme ce  blog!) en \u00e9change d&rsquo;un apport de ventes, d&rsquo;inscriptions ou de trafic. <\/p>\n\n\n\n<h2 class=\"wp-block-heading\">Qu&rsquo;est-ce que cela change pour vous?<\/h2>\n\n\n\n<p>Ces liens nous permettent de toucher une commission d&rsquo;un pourcentage variable si vous achetez, \u00e9mettez une r\u00e9servation, ou simplement cliquez sur le lien pr\u00e9sent sur le site. Le prix final sera toujours le m\u00eame pour vous, cela n&rsquo;engendre aucun cout suppl\u00e9mentaire pour vous. <\/p>\n\n\n\n<h2 class=\"wp-block-heading\">Pourquoi int\u00e9grer des liens affili\u00e9s?<\/h2>\n\n\n\n<p><meta charset=\"utf-8\">L&rsquo;acc\u00e8s au contenu de ce blog et aux conseils prodigu\u00e9s est enti\u00e8rement gratuit, et je tiens \u00e0 cette gratuit\u00e9. L&rsquo;affiliation est une mani\u00e8re pour nous de r\u00e9mun\u00e9rer notre travail et de continuer \u00e0 vous proposer des articles de qualit\u00e9 en ayant une petite contrepartie si vous trouvez votre bonheur dans les articles partag\u00e9s par ici. <\/p>\n\n\n\n<h2 class=\"wp-block-heading\">Comment choisissez-vous les produits mis en avant?  <\/h2>\n\n\n\n<p>Nous ne choisissons pas de mettre en avant un produit parce que nous touchons  une commission. <strong>Chaque produit ou service mis en avant sur le blog est choisi de mani\u00e8re totalement ind\u00e9pendante<\/strong>, sur base d&rsquo;une ligne \u00e9ditoriale claire et d\u00e9finie. Nous r\u00e9digeons d&rsquo;abord notre article, puis seulement nous voyons s&rsquo;il est  envisageable d&rsquo;avoir un retour sur investissement au travers de l&rsquo;affiliation. Nous ne touchons par ailleurs pas de commissions sur tous les liens du site web, seulement sur une partie !<\/p>\n\n\n\n<h2 class=\"wp-block-heading\">Contact<\/h2>\n\n\n\n<p>En cas de probl\u00e8mes vous pouvez nous contacter \u00e0 l&rsquo;adresse e-mail suivante : <strong>contact<\/strong>@milkywaysblueyes.com<\/p>\n\n\n\n<p>Update MARS 2022<\/p>\n\n\n\n<p><\/p>\n","protected":false},"excerpt":{"rendered":"<p>Qu&rsquo;est-ce que c&rsquo;est ? L&rsquo;affiliation sur Internet est une m\u00e9thode marketing permettant \u00e0 un annonceur (une marque par exemple) de promouvoir ses produits ou ses services<span class=\"excerpt-hellip\"> [\u2026]<\/span><\/p>\n","protected":false},"author":1,"featured_media":0,"parent":0,"menu_order":0,"comment_status":"closed","ping_status":"closed","template":"","meta":{"_acf_changed":false,"footnotes":""},"class_list":["post-44123","page","type-page","status-publish","hentry"],"acf":[],"_links":{"self":[{"href":"https:\/\/milkywaysblueyes.com\/fr\/wp-json\/wp\/v2\/pages\/44123","targetHints":{"allow":["GET"]}}],"collection":[{"href":"https:\/\/milkywaysblueyes.com\/fr\/wp-json\/wp\/v2\/pages"}],"about":[{"href":"https:\/\/milkywaysblueyes.com\/fr\/wp-json\/wp\/v2\/types\/page"}],"author":[{"embeddable":true,"href":"https:\/\/milkywaysblueyes.com\/fr\/wp-json\/wp\/v2\/users\/1"}],"replies":[{"embeddable":true,"href":"https:\/\/milkywaysblueyes.com\/fr\/wp-json\/wp\/v2\/comments?post=44123"}],"version-history":[{"count":0,"href":"https:\/\/milkywaysblueyes.com\/fr\/wp-json\/wp\/v2\/pages\/44123\/revisions"}],"wp:attachment":[{"href":"https:\/\/milkywaysblueyes.com\/fr\/wp-json\/wp\/v2\/media?parent=44123"}],"curies":[{"name":"wp","href":"https:\/\/api.w.org\/{rel}","templated":true}]}}