{"id":29312,"date":"2020-08-21T10:00:53","date_gmt":"2020-08-21T08:00:53","guid":{"rendered":"https:\/\/milkywaysblueyes.com\/?page_id=29312"},"modified":"2023-04-03T10:43:21","modified_gmt":"2023-04-03T08:43:21","slug":"espace-pro","status":"publish","type":"page","link":"https:\/\/milkywaysblueyes.com\/fr\/espace-pro\/","title":{"rendered":"Espace pro"},"content":{"rendered":"\n<p><br><img decoding=\"async\" src=\"https:\/\/milkywaysblueyes.com\/wp-content\/uploads\/2020\/08\/dressing-tache-1.png\" alt=\"dressing-tache-1\" loading=\"lazy\"><br><br><br><h2>On travaille ensemble ?<\/h2> <br>D\u00e9sormais pr\u00e9sente sur 6 canaux diff\u00e9rents (Instagram, Blog, Youtube, Pinterest, Tiktok, Facebook), je consacre actuellement tout mon temps \u00e0 la cr\u00e9ation d\u2019un contenu de qualit\u00e9. Je m\u2019assure toujours de mettre en valeur les produits, les destinations et lieux que je promeus en cr\u00e9ant un contexte original au travers de photos et vid\u00e9os. Voyageant \u00e0 travers le monde afin de d\u00e9couvrir des endroits \u00e9tonnants, je les partage ensuite avec ma communaut\u00e9 par le biais de photos, vid\u00e9os et de mon site. <br> <br>Lorsque je travaille en collaboration avec une marque, je cr\u00e9e un contenu qualitatif et cr\u00e9atif qui s\u2019aligne non seulement \u00e0 mon propre univers, mais qui refl\u00e8te \u00e9galement l\u2019image de la marque partenaire. En travaillant avec moi et mon \u00e9quipe, vous associerez des images de qualit\u00e9 \u00e0 votre marque et vous profiterez d\u2019un contenu repr\u00e9sentant vos valeurs. Le tout avec une mise en avant originale de votre produit. Cette facette de la cr\u00e9ation est un \u00e9l\u00e9ment qui me tient \u00e0 coeur. Je mets donc tout en oeuvre pour proposer un contenu original, se d\u00e9marquant du contenu habituellement propos\u00e9 sur les r\u00e9seaux. Au-del\u00e0 du placement de produit, je souhaite raconter une v\u00e9ritable histoire autour de ce dernier.<br>center<br>no-repeat;left top;;<br>auto<br><br><h2>Prendre contact<\/h2> <br><br><br><h2>Quelques parutions dans les journaux<\/h2><br><br><br>ENVIE DE LIRE LES ARTICLES ?<br><a href=\"https:\/\/milkywaysblueyes.com\/fr\/presse\/\">https:\/\/milkywaysblueyes.com\/fr\/presse\/<\/a><br><br><br><h2>Ils m&rsquo;ont fait confiance<\/h2> <br><br><br><\/p>\n","protected":false},"excerpt":{"rendered":"<p>On travaille ensemble ? D\u00e9sormais pr\u00e9sente sur 6 canaux diff\u00e9rents (Instagram, Blog, Youtube, Pinterest, Tiktok, Facebook), je consacre actuellement tout mon temps \u00e0 la cr\u00e9ation d\u2019un<span class=\"excerpt-hellip\"> [\u2026]<\/span><\/p>\n","protected":false},"author":11,"featured_media":0,"parent":0,"menu_order":9,"comment_status":"closed","ping_status":"closed","template":"","meta":{"_acf_changed":false,"footnotes":""},"class_list":["post-29312","page","type-page","status-publish","hentry"],"acf":[],"_links":{"self":[{"href":"https:\/\/milkywaysblueyes.com\/fr\/wp-json\/wp\/v2\/pages\/29312","targetHints":{"allow":["GET"]}}],"collection":[{"href":"https:\/\/milkywaysblueyes.com\/fr\/wp-json\/wp\/v2\/pages"}],"about":[{"href":"https:\/\/milkywaysblueyes.com\/fr\/wp-json\/wp\/v2\/types\/page"}],"author":[{"embeddable":true,"href":"https:\/\/milkywaysblueyes.com\/fr\/wp-json\/wp\/v2\/users\/11"}],"replies":[{"embeddable":true,"href":"https:\/\/milkywaysblueyes.com\/fr\/wp-json\/wp\/v2\/comments?post=29312"}],"version-history":[{"count":0,"href":"https:\/\/milkywaysblueyes.com\/fr\/wp-json\/wp\/v2\/pages\/29312\/revisions"}],"wp:attachment":[{"href":"https:\/\/milkywaysblueyes.com\/fr\/wp-json\/wp\/v2\/media?parent=29312"}],"curies":[{"name":"wp","href":"https:\/\/api.w.org\/{rel}","templated":true}]}}