{"id":29115,"date":"2020-08-13T11:38:23","date_gmt":"2020-08-13T09:38:23","guid":{"rendered":"https:\/\/milkywaysblueyes.com\/?page_id=29115"},"modified":"2023-04-04T12:33:55","modified_gmt":"2023-04-04T10:33:55","slug":"mode","status":"publish","type":"page","link":"https:\/\/milkywaysblueyes.com\/fr\/mode\/","title":{"rendered":"Mode"},"content":{"rendered":"\n<p>Mode<br><br><br><img decoding=\"async\" src=\"https:\/\/milkywaysblueyes.com\/wp-content\/uploads\/2023\/02\/Tenue-Elegante-Hiver-1.jpg\" alt=\"Tenue Femme Elegante Hiver\" loading=\"lazy\"><br>mode femme<br>center<br><br><h2>Mon Dressing<\/h2> <br>Vous avez eu un coup de coeur pour une des pi\u00e8ces que j\\&rsquo;ai port\u00e9es ? Alors, c\\&rsquo;est par ici ! Vous pourrez facilement retrouver mes derni\u00e8res tenues mode et tout ce qui se trouve dans mon dressing. Vous pouvez aussi utilisez la barre de recherche pour y indiquer des mots-cl\u00e9s et retrouver les pi\u00e8ces !\u00a0 <br><a class=\"button  button_size_2 button_dark\"  href=\"\"    ><span class=\"button_label\">Button<\/span><\/a>\n<br>no-repeat;left top;;<br>auto<br><br><h2>Tenues<\/h2> <br>En manque d\\&rsquo;inspiration pour cr\u00e9er une tenue mode ou le look parfait pour une occasion sp\u00e9ciale\u00a0 ? Vous \u00eates au bon endroit ! Je vous propose des id\u00e9es de tenues mode pour femmes, adapt\u00e9ess \u00e0 chaque situation. Suivez le guide !\u00a0 <br><a class=\"button  button_size_2 button_dark\"  href=\"\"    ><span class=\"button_label\">Button<\/span><\/a>\n<br>no-repeat;left top;;<br>auto<br><br><img decoding=\"async\" src=\"https:\/\/milkywaysblueyes.com\/wp-content\/uploads\/2023\/03\/Photo-En-Tete-Robe-Rose.jpg\" alt=\"Tenue Femme Robe Rose Gants en Dentelle Noirs\" loading=\"lazy\"><br>Mode femme<br>center<br><br><h2>Derniers articles<\/h2><br>center<br>no-repeat;left top;;<br>auto<br><br>    <div class=\"milky-posts-container last-posts\">\n                    <div class=\"milky-post-item\">\n\n                \n                                <div>\n                    <p class=\"milky-post-item-cat\">Astuces<\/p>\n                    <p class=\"milky-post-item-date\">26 janvier 2026<\/p>\n\n                    <h3><a href=\"https:\/\/milkywaysblueyes.com\/fr\/renovation-maison-redonner-vie-a-une-icone-bruxelloise\/\">R\u00e9novation maison : redonner vie \u00e0 une ic\u00f4ne bruxelloise<\/a><\/h3>\n                    <div class=\"excerpt\">\n                        Notre retour d'exp\u00e9rience apr\u00e8s plusieurs mois de travaux, avec conseils, budget, organisation et nos meilleures astuces tout \u00e7a gr\u00e2ce \u00e0 l'aide des tutoriels indispensables de Knauf.  \n                    <\/div>\n\n                <\/div>\n\n                <div class=\"\">\n                    <a href=\"https:\/\/milkywaysblueyes.com\/fr\/renovation-maison-redonner-vie-a-une-icone-bruxelloise\/\" class=\"button\">Lire plus<\/a>\n                <\/div>\n            <\/div>\n                    <div class=\"milky-post-item\">\n\n                \n                <a href=\"https:\/\/milkywaysblueyes.com\/fr\/comment-shabiller-de-maniere-intemporelle-mes-coups-de-coeur-sezane\/\"><img loading=\"lazy\" decoding=\"async\" width=\"480\" height=\"720\" src=\"https:\/\/milkywaysblueyes.com\/wp-content\/uploads\/2024\/08\/TENUE-AUTOMNE-SEZANE-480x720.jpg\" class=\"attachment-blog-portfolio size-blog-portfolio wp-post-image\" alt=\"tenue automne femme ensemble pantalon large et veste sans manche S\u00e9zane\" srcset=\"https:\/\/milkywaysblueyes.com\/wp-content\/uploads\/2024\/08\/TENUE-AUTOMNE-SEZANE-480x720.jpg 480w, https:\/\/milkywaysblueyes.com\/wp-content\/uploads\/2024\/08\/TENUE-AUTOMNE-SEZANE-200x300.jpg 200w, https:\/\/milkywaysblueyes.com\/wp-content\/uploads\/2024\/08\/TENUE-AUTOMNE-SEZANE-675x1013.jpg 675w, https:\/\/milkywaysblueyes.com\/wp-content\/uploads\/2024\/08\/TENUE-AUTOMNE-SEZANE-768x1152.jpg 768w, https:\/\/milkywaysblueyes.com\/wp-content\/uploads\/2024\/08\/TENUE-AUTOMNE-SEZANE-1024x1536.jpg 1024w, https:\/\/milkywaysblueyes.com\/wp-content\/uploads\/2024\/08\/TENUE-AUTOMNE-SEZANE-97x146.jpg 97w, https:\/\/milkywaysblueyes.com\/wp-content\/uploads\/2024\/08\/TENUE-AUTOMNE-SEZANE-33x50.jpg 33w, https:\/\/milkywaysblueyes.com\/wp-content\/uploads\/2024\/08\/TENUE-AUTOMNE-SEZANE-50x75.jpg 50w, https:\/\/milkywaysblueyes.com\/wp-content\/uploads\/2024\/08\/TENUE-AUTOMNE-SEZANE-450x675.jpg 450w, https:\/\/milkywaysblueyes.com\/wp-content\/uploads\/2024\/08\/TENUE-AUTOMNE-SEZANE.jpg 1080w\" sizes=\"auto, (max-width: 480px) 100vw, 480px\" \/><\/a>                <div>\n                    <p class=\"milky-post-item-cat\">Conseils mode<\/p>\n                    <p class=\"milky-post-item-date\">28 ao\u00fbt 2025<\/p>\n\n                    <h3><a href=\"https:\/\/milkywaysblueyes.com\/fr\/comment-shabiller-de-maniere-intemporelle-mes-coups-de-coeur-sezane\/\">Comment s&rsquo;habiller de mani\u00e8re intemporelle : mes coups de coeur S\u00e9zane<\/a><\/h3>\n                    <div class=\"excerpt\">\n                        Comment s'habiller avec des pi\u00e8ces intemporelles ? Je vous partage mes coups de coeur S\u00e9zane pour un dressing chic et tendance.                    <\/div>\n\n                <\/div>\n\n                <div class=\"\">\n                    <a href=\"https:\/\/milkywaysblueyes.com\/fr\/comment-shabiller-de-maniere-intemporelle-mes-coups-de-coeur-sezane\/\" class=\"button\">Lire plus<\/a>\n                <\/div>\n            <\/div>\n                    <div class=\"milky-post-item\">\n\n                \n                <a href=\"https:\/\/milkywaysblueyes.com\/fr\/amenagement-jardin-bons-plans-decoration-exterieure-westwing\/\"><img loading=\"lazy\" decoding=\"async\" width=\"480\" height=\"720\" src=\"https:\/\/milkywaysblueyes.com\/wp-content\/uploads\/2023\/04\/TERRASSE-FAUTEUIL-SUSPENDU-480x720.jpg\" class=\"attachment-blog-portfolio size-blog-portfolio wp-post-image\" alt=\"coin terrasse avec fauteuil suspendu\" srcset=\"https:\/\/milkywaysblueyes.com\/wp-content\/uploads\/2023\/04\/TERRASSE-FAUTEUIL-SUSPENDU-480x720.jpg 480w, https:\/\/milkywaysblueyes.com\/wp-content\/uploads\/2023\/04\/TERRASSE-FAUTEUIL-SUSPENDU-200x300.jpg 200w, https:\/\/milkywaysblueyes.com\/wp-content\/uploads\/2023\/04\/TERRASSE-FAUTEUIL-SUSPENDU-97x146.jpg 97w, https:\/\/milkywaysblueyes.com\/wp-content\/uploads\/2023\/04\/TERRASSE-FAUTEUIL-SUSPENDU-33x50.jpg 33w, https:\/\/milkywaysblueyes.com\/wp-content\/uploads\/2023\/04\/TERRASSE-FAUTEUIL-SUSPENDU-50x75.jpg 50w, https:\/\/milkywaysblueyes.com\/wp-content\/uploads\/2023\/04\/TERRASSE-FAUTEUIL-SUSPENDU-450x675.jpg 450w, https:\/\/milkywaysblueyes.com\/wp-content\/uploads\/2023\/04\/TERRASSE-FAUTEUIL-SUSPENDU.jpg 600w\" sizes=\"auto, (max-width: 480px) 100vw, 480px\" \/><\/a>                <div>\n                    <p class=\"milky-post-item-cat\">D\u00e9coration<\/p>\n                    <p class=\"milky-post-item-date\">13 juin 2025<\/p>\n\n                    <h3><a href=\"https:\/\/milkywaysblueyes.com\/fr\/amenagement-jardin-bons-plans-decoration-exterieure-westwing\/\">Am\u00e9nagement jardin : les bons plans Westwing pour votre d\u00e9coration ext\u00e9rieure<\/a><\/h3>\n                    <div class=\"excerpt\">\n                        Vous pensez \u00e0 l'am\u00e9nagement de votre jardin pour l'\u00e9t\u00e9 ? Je vous partage les bons plans Westwing du moment !                     <\/div>\n\n                <\/div>\n\n                <div class=\"\">\n                    <a href=\"https:\/\/milkywaysblueyes.com\/fr\/amenagement-jardin-bons-plans-decoration-exterieure-westwing\/\" class=\"button\">Lire plus<\/a>\n                <\/div>\n            <\/div>\n                    <div class=\"milky-post-item\">\n\n                \n                <a href=\"https:\/\/milkywaysblueyes.com\/fr\/garde-robe-capsule-mode-minimaliste-2025\/\"><img loading=\"lazy\" decoding=\"async\" width=\"480\" height=\"720\" src=\"https:\/\/milkywaysblueyes.com\/wp-content\/uploads\/2025\/06\/TENUE-MINIMALISTE-MI-SAISON-480x720.jpg\" class=\"attachment-blog-portfolio size-blog-portfolio wp-post-image\" alt=\"tenue minimaliste femme avec robe pull et bottes S\u00e9zane\" srcset=\"https:\/\/milkywaysblueyes.com\/wp-content\/uploads\/2025\/06\/TENUE-MINIMALISTE-MI-SAISON-480x720.jpg 480w, https:\/\/milkywaysblueyes.com\/wp-content\/uploads\/2025\/06\/TENUE-MINIMALISTE-MI-SAISON-200x300.jpg 200w, https:\/\/milkywaysblueyes.com\/wp-content\/uploads\/2025\/06\/TENUE-MINIMALISTE-MI-SAISON-675x1013.jpg 675w, https:\/\/milkywaysblueyes.com\/wp-content\/uploads\/2025\/06\/TENUE-MINIMALISTE-MI-SAISON-768x1152.jpg 768w, https:\/\/milkywaysblueyes.com\/wp-content\/uploads\/2025\/06\/TENUE-MINIMALISTE-MI-SAISON-1024x1536.jpg 1024w, https:\/\/milkywaysblueyes.com\/wp-content\/uploads\/2025\/06\/TENUE-MINIMALISTE-MI-SAISON-97x146.jpg 97w, https:\/\/milkywaysblueyes.com\/wp-content\/uploads\/2025\/06\/TENUE-MINIMALISTE-MI-SAISON-33x50.jpg 33w, https:\/\/milkywaysblueyes.com\/wp-content\/uploads\/2025\/06\/TENUE-MINIMALISTE-MI-SAISON-50x75.jpg 50w, https:\/\/milkywaysblueyes.com\/wp-content\/uploads\/2025\/06\/TENUE-MINIMALISTE-MI-SAISON-450x675.jpg 450w, https:\/\/milkywaysblueyes.com\/wp-content\/uploads\/2025\/06\/TENUE-MINIMALISTE-MI-SAISON.jpg 1080w\" sizes=\"auto, (max-width: 480px) 100vw, 480px\" \/><\/a>                <div>\n                    <p class=\"milky-post-item-cat\">Conseils mode<\/p>\n                    <p class=\"milky-post-item-date\">5 juin 2025<\/p>\n\n                    <h3><a href=\"https:\/\/milkywaysblueyes.com\/fr\/garde-robe-capsule-mode-minimaliste-2025\/\">Garde robe capsule : la cl\u00e9 d&rsquo;une mode minimaliste en 2025<\/a><\/h3>\n                    <div class=\"excerpt\">\n                        Votre dressing d\u00e9borde pourtant ne savez jamais quoi porter ? Je vous explique le principe de la garde robe capsule minimaliste et tendance !                    <\/div>\n\n                <\/div>\n\n                <div class=\"\">\n                    <a href=\"https:\/\/milkywaysblueyes.com\/fr\/garde-robe-capsule-mode-minimaliste-2025\/\" class=\"button\">Lire plus<\/a>\n                <\/div>\n            <\/div>\n                    <div class=\"milky-post-item\">\n\n                \n                <a href=\"https:\/\/milkywaysblueyes.com\/fr\/ou-acheter-canape-bouclette\/\"><img loading=\"lazy\" decoding=\"async\" width=\"480\" height=\"720\" src=\"https:\/\/milkywaysblueyes.com\/wp-content\/uploads\/2025\/05\/GALERIE-CAPUCINE-CANAPE-BOUCLETTE-480x720.jpg\" class=\"attachment-blog-portfolio size-blog-portfolio wp-post-image\" alt=\"d\u00e9coration int\u00e9rieure avec canap\u00e9 bouclette, table basse en travertin et console en bois\" srcset=\"https:\/\/milkywaysblueyes.com\/wp-content\/uploads\/2025\/05\/GALERIE-CAPUCINE-CANAPE-BOUCLETTE-480x720.jpg 480w, https:\/\/milkywaysblueyes.com\/wp-content\/uploads\/2025\/05\/GALERIE-CAPUCINE-CANAPE-BOUCLETTE-200x300.jpg 200w, https:\/\/milkywaysblueyes.com\/wp-content\/uploads\/2025\/05\/GALERIE-CAPUCINE-CANAPE-BOUCLETTE-675x1013.jpg 675w, https:\/\/milkywaysblueyes.com\/wp-content\/uploads\/2025\/05\/GALERIE-CAPUCINE-CANAPE-BOUCLETTE-768x1152.jpg 768w, https:\/\/milkywaysblueyes.com\/wp-content\/uploads\/2025\/05\/GALERIE-CAPUCINE-CANAPE-BOUCLETTE-97x146.jpg 97w, https:\/\/milkywaysblueyes.com\/wp-content\/uploads\/2025\/05\/GALERIE-CAPUCINE-CANAPE-BOUCLETTE-33x50.jpg 33w, https:\/\/milkywaysblueyes.com\/wp-content\/uploads\/2025\/05\/GALERIE-CAPUCINE-CANAPE-BOUCLETTE-50x75.jpg 50w, https:\/\/milkywaysblueyes.com\/wp-content\/uploads\/2025\/05\/GALERIE-CAPUCINE-CANAPE-BOUCLETTE-450x675.jpg 450w, https:\/\/milkywaysblueyes.com\/wp-content\/uploads\/2025\/05\/GALERIE-CAPUCINE-CANAPE-BOUCLETTE.jpg 800w\" sizes=\"auto, (max-width: 480px) 100vw, 480px\" \/><\/a>                <div>\n                    <p class=\"milky-post-item-cat\">D\u00e9coration<\/p>\n                    <p class=\"milky-post-item-date\">26 mai 2025<\/p>\n\n                    <h3><a href=\"https:\/\/milkywaysblueyes.com\/fr\/ou-acheter-canape-bouclette\/\">Canap\u00e9 bouclette : o\u00f9 acheter un mod\u00e8le de qualit\u00e9 ? Mon comparatif complet<\/a><\/h3>\n                    <div class=\"excerpt\">\n                        Vous cherchez \u00e0 remplacer votre canap\u00e9 ? Je vous partage mes meilleurs conseils pour acheter un canap\u00e9 bouclette de qualit\u00e9 !                    <\/div>\n\n                <\/div>\n\n                <div class=\"\">\n                    <a href=\"https:\/\/milkywaysblueyes.com\/fr\/ou-acheter-canape-bouclette\/\" class=\"button\">Lire plus<\/a>\n                <\/div>\n            <\/div>\n                    <div class=\"milky-post-item\">\n\n                \n                <a href=\"https:\/\/milkywaysblueyes.com\/fr\/mes-coups-de-coeur-westwing-collection\/\"><img loading=\"lazy\" decoding=\"async\" width=\"480\" height=\"720\" src=\"https:\/\/milkywaysblueyes.com\/wp-content\/uploads\/2025\/05\/SUITE-APPOLINE-CANAPE-ALBA-480x720.jpg\" class=\"attachment-blog-portfolio size-blog-portfolio wp-post-image\" alt=\"salon meubl\u00e9 avec canap\u00e9 Alba Westwing\" srcset=\"https:\/\/milkywaysblueyes.com\/wp-content\/uploads\/2025\/05\/SUITE-APPOLINE-CANAPE-ALBA-480x720.jpg 480w, https:\/\/milkywaysblueyes.com\/wp-content\/uploads\/2025\/05\/SUITE-APPOLINE-CANAPE-ALBA-200x300.jpg 200w, https:\/\/milkywaysblueyes.com\/wp-content\/uploads\/2025\/05\/SUITE-APPOLINE-CANAPE-ALBA-675x1013.jpg 675w, https:\/\/milkywaysblueyes.com\/wp-content\/uploads\/2025\/05\/SUITE-APPOLINE-CANAPE-ALBA-768x1152.jpg 768w, https:\/\/milkywaysblueyes.com\/wp-content\/uploads\/2025\/05\/SUITE-APPOLINE-CANAPE-ALBA-97x146.jpg 97w, https:\/\/milkywaysblueyes.com\/wp-content\/uploads\/2025\/05\/SUITE-APPOLINE-CANAPE-ALBA-33x50.jpg 33w, https:\/\/milkywaysblueyes.com\/wp-content\/uploads\/2025\/05\/SUITE-APPOLINE-CANAPE-ALBA-50x75.jpg 50w, https:\/\/milkywaysblueyes.com\/wp-content\/uploads\/2025\/05\/SUITE-APPOLINE-CANAPE-ALBA-450x675.jpg 450w, https:\/\/milkywaysblueyes.com\/wp-content\/uploads\/2025\/05\/SUITE-APPOLINE-CANAPE-ALBA.jpg 800w\" sizes=\"auto, (max-width: 480px) 100vw, 480px\" \/><\/a>                <div>\n                    <p class=\"milky-post-item-cat\">D\u00e9coration<\/p>\n                    <p class=\"milky-post-item-date\">12 mai 2025<\/p>\n\n                    <h3><a href=\"https:\/\/milkywaysblueyes.com\/fr\/mes-coups-de-coeur-westwing-collection\/\">Mes coups de coeur intemporels Westwing Collection<\/a><\/h3>\n                    <div class=\"excerpt\">\n                        Je vous ai fait une s\u00e9lection de mes coups de coeur d\u00e9co de la marque Westwing Collection !                     <\/div>\n\n                <\/div>\n\n                <div class=\"\">\n                    <a href=\"https:\/\/milkywaysblueyes.com\/fr\/mes-coups-de-coeur-westwing-collection\/\" class=\"button\">Lire plus<\/a>\n                <\/div>\n            <\/div>\n        \n    <\/div>\n<br>no-repeat;left top;;<br>auto<br><br><h2>Conseils mode<\/h2> <br>D\u00e9couvrez tous mes secrets, astuces et conseils modes. Comment cacher son soutien-gorge quand on porte un dos-nu? Comment porter un pantalon qui est devenu trop grand mais qu\\&rsquo;on adore ? Comment accessoiriser sa tenue pour un mariage? Je r\u00e9ponds \u00e0 toutes vos questions mode ! <br><a class=\"button  button_size_2 button_dark\"  href=\"\"    ><span class=\"button_label\">Button<\/span><\/a>\n<br>no-repeat;left top;;<br>auto<br><br><img decoding=\"async\" src=\"https:\/\/milkywaysblueyes.com\/wp-content\/uploads\/2022\/11\/ENSEMBLE-SEZANE-PARIS-LOOK-FEMME-9428-1.jpg\" alt=\"ENSEMBLE-SEZANE-PARIS-LOOK-FEMME-9428\" loading=\"lazy\"><br>large<br>Mode femme<br>center<br><br><img decoding=\"async\" src=\"https:\/\/milkywaysblueyes.com\/wp-content\/uploads\/2023\/02\/TENUES-DHIVER-1-1.jpg\" alt=\"TENUE D\u2019HIVER\" loading=\"lazy\"><br>large<br>Mode femme : blog de mode<br>center<br><br><h2>S\u00e9lections<\/h2> <br>Vous \u00eates en manque d\\&rsquo;inspiration pour un cadeau d\\&rsquo;anniversaire ? Vous voulez profiter du Black Friday ? Ou vous voulez craquer pour de nouvelles tendances mais vous ne savez pas quoi acheter ? Je vous laisse d\u00e9couvrir toutes mes s\u00e9lections&#8230; <br><a class=\"button  button_size_2 button_dark\"  href=\"\"    ><span class=\"button_label\">Button<\/span><\/a>\n<br>no-repeat;left top;;<br>auto<br><br><h2>Actualit\u00e9s<\/h2> <br>Suivez avec moi les derniers \u00e9v\u00e9nements fashion. Je d\u00e9cortique pour vous et avec vous toute l\\&rsquo;actualit\u00e9 mode. Fashion week, \u00e9v\u00e9nement fashion, retrouvez dans cette cat\u00e9gorie les \u00e9l\u00e9ments essentiels de l\\&rsquo;actualit\u00e9 mode \u00e0 ne pas manquer ! <br><a class=\"button  button_size_2 button_dark\"  href=\"\"    ><span class=\"button_label\">Button<\/span><\/a>\n<br>no-repeat;left top;;<br>auto<br><br><img decoding=\"async\" src=\"https:\/\/milkywaysblueyes.com\/wp-content\/uploads\/2023\/03\/look-mode-femme.webp\" alt=\"Look mode femme jupe crayon et blazer beige avec une pochette vintage Dior\" loading=\"lazy\"><br>large<br>Mode femme : blog de mode<br>center<br><br><\/p>\n","protected":false},"excerpt":{"rendered":"<p>Immergez-vous dans l&rsquo;univers de la mode femme avec les derni\u00e8res tendances, d\u00e9nichez des id\u00e9es de tenues ainsi que de superbes s\u00e9lections !<\/p>\n","protected":false},"author":11,"featured_media":0,"parent":0,"menu_order":19,"comment_status":"closed","ping_status":"closed","template":"","meta":{"_acf_changed":false,"footnotes":""},"class_list":["post-29115","page","type-page","status-publish","hentry"],"acf":[],"_links":{"self":[{"href":"https:\/\/milkywaysblueyes.com\/fr\/wp-json\/wp\/v2\/pages\/29115","targetHints":{"allow":["GET"]}}],"collection":[{"href":"https:\/\/milkywaysblueyes.com\/fr\/wp-json\/wp\/v2\/pages"}],"about":[{"href":"https:\/\/milkywaysblueyes.com\/fr\/wp-json\/wp\/v2\/types\/page"}],"author":[{"embeddable":true,"href":"https:\/\/milkywaysblueyes.com\/fr\/wp-json\/wp\/v2\/users\/11"}],"replies":[{"embeddable":true,"href":"https:\/\/milkywaysblueyes.com\/fr\/wp-json\/wp\/v2\/comments?post=29115"}],"version-history":[{"count":0,"href":"https:\/\/milkywaysblueyes.com\/fr\/wp-json\/wp\/v2\/pages\/29115\/revisions"}],"wp:attachment":[{"href":"https:\/\/milkywaysblueyes.com\/fr\/wp-json\/wp\/v2\/media?parent=29115"}],"curies":[{"name":"wp","href":"https:\/\/api.w.org\/{rel}","templated":true}]}}