{"id":29113,"date":"2020-08-13T11:37:37","date_gmt":"2020-08-13T09:37:37","guid":{"rendered":"https:\/\/milkywaysblueyes.com\/?page_id=29113"},"modified":"2023-03-29T10:00:33","modified_gmt":"2023-03-29T08:00:33","slug":"voyage","status":"publish","type":"page","link":"https:\/\/milkywaysblueyes.com\/fr\/voyage\/","title":{"rendered":"Voyage"},"content":{"rendered":"","protected":false},"excerpt":{"rendered":"<p>\u00c0 la recherche des meilleures destinations o\u00f9 partir ? D\u00e9couvrez mon blog voyage reprenant des articles sur tous mes voyages !<\/p>\n","protected":false},"author":11,"featured_media":0,"parent":0,"menu_order":33,"comment_status":"closed","ping_status":"closed","template":"","meta":{"_acf_changed":false,"footnotes":""},"class_list":["post-29113","page","type-page","status-publish","hentry"],"acf":[],"_links":{"self":[{"href":"https:\/\/milkywaysblueyes.com\/fr\/wp-json\/wp\/v2\/pages\/29113","targetHints":{"allow":["GET"]}}],"collection":[{"href":"https:\/\/milkywaysblueyes.com\/fr\/wp-json\/wp\/v2\/pages"}],"about":[{"href":"https:\/\/milkywaysblueyes.com\/fr\/wp-json\/wp\/v2\/types\/page"}],"author":[{"embeddable":true,"href":"https:\/\/milkywaysblueyes.com\/fr\/wp-json\/wp\/v2\/users\/11"}],"replies":[{"embeddable":true,"href":"https:\/\/milkywaysblueyes.com\/fr\/wp-json\/wp\/v2\/comments?post=29113"}],"version-history":[{"count":0,"href":"https:\/\/milkywaysblueyes.com\/fr\/wp-json\/wp\/v2\/pages\/29113\/revisions"}],"wp:attachment":[{"href":"https:\/\/milkywaysblueyes.com\/fr\/wp-json\/wp\/v2\/media?parent=29113"}],"curies":[{"name":"wp","href":"https:\/\/api.w.org\/{rel}","templated":true}]}}