{"id":29107,"date":"2020-08-13T11:33:56","date_gmt":"2020-08-13T09:33:56","guid":{"rendered":"https:\/\/milkywaysblueyes.com\/?page_id=29107"},"modified":"2023-03-21T13:30:02","modified_gmt":"2023-03-21T12:30:02","slug":"accueil","status":"publish","type":"page","link":"https:\/\/milkywaysblueyes.com\/fr\/","title":{"rendered":"Accueil"},"content":{"rendered":"\n<p>home<br><br><br><img decoding=\"async\" src=\"https:\/\/milkywaysblueyes.com\/wp-content\/uploads\/2020\/09\/polaroid-homepage-test.png\" alt=\"blog mode\" loading=\"lazy\"><br>full<br>right<br>header-picture<br><br>\n    <div class=\"last-outfit\">\n        <div class=\"\">\n            <h2>Mon dressing<\/h2>\n            <h3>Tenue S\u00e9zane - Avril 2025<\/h3>\n                            <a href=\"\/fr\/mon-dressing\" class=\"button\">Voir tous les looks<\/a>\n                    <\/div>\n        <div class=\"last-outfit-images\">\n            <div>\n                                <div class=\"outfit-image-container outfit-image-container-1\">\n                    <a href=\"https:\/\/www.instagram.com\/p\/DIMNsz6of0X\/?img_index=1\" target=\"_blank\">\n                        <img loading=\"lazy\" decoding=\"async\" width=\"405\" height=\"720\" src=\"https:\/\/milkywaysblueyes.com\/wp-content\/uploads\/2025\/04\/TENUE-SEZANE-AVRIL-2025-405x720.jpg\" class=\"attachment-blog-portfolio size-blog-portfolio wp-post-image\" alt=\"tenue femme avaec jeans de grossesse H&amp;M, chemise, sac, chaussures et lunettes de soleil S\u00e9zane\" srcset=\"https:\/\/milkywaysblueyes.com\/wp-content\/uploads\/2025\/04\/TENUE-SEZANE-AVRIL-2025-405x720.jpg 405w, https:\/\/milkywaysblueyes.com\/wp-content\/uploads\/2025\/04\/TENUE-SEZANE-AVRIL-2025-169x300.jpg 169w, https:\/\/milkywaysblueyes.com\/wp-content\/uploads\/2025\/04\/TENUE-SEZANE-AVRIL-2025-576x1024.jpg 576w, https:\/\/milkywaysblueyes.com\/wp-content\/uploads\/2025\/04\/TENUE-SEZANE-AVRIL-2025-768x1365.jpg 768w, https:\/\/milkywaysblueyes.com\/wp-content\/uploads\/2025\/04\/TENUE-SEZANE-AVRIL-2025-864x1536.jpg 864w, https:\/\/milkywaysblueyes.com\/wp-content\/uploads\/2025\/04\/TENUE-SEZANE-AVRIL-2025-82x146.jpg 82w, https:\/\/milkywaysblueyes.com\/wp-content\/uploads\/2025\/04\/TENUE-SEZANE-AVRIL-2025-28x50.jpg 28w, https:\/\/milkywaysblueyes.com\/wp-content\/uploads\/2025\/04\/TENUE-SEZANE-AVRIL-2025-42x75.jpg 42w, https:\/\/milkywaysblueyes.com\/wp-content\/uploads\/2025\/04\/TENUE-SEZANE-AVRIL-2025-380x675.jpg 380w, https:\/\/milkywaysblueyes.com\/wp-content\/uploads\/2025\/04\/TENUE-SEZANE-AVRIL-2025.jpg 1080w\" sizes=\"auto, (max-width: 405px) 100vw, 405px\" \/>                                            <\/a>\n\n                <\/div>\n\n            <\/div>\n            <div>\n                <div>\n                                                <div class=\"outfit-image-container outfit-image-container-2\">\n                                <a href=\"https:\/\/seza.ne\/QN9A5c9Ems\" target=\"_blank\">\n                                    <img loading=\"lazy\" decoding=\"async\" width=\"513\" height=\"720\" src=\"https:\/\/milkywaysblueyes.com\/wp-content\/uploads\/2025\/04\/chemise-Bilma-blanche-Sezane-513x720.jpg\" class=\"attachment-blog-portfolio size-blog-portfolio wp-post-image\" alt=\"chemise blanche oversize avec poche sur la poitrine S\u00e9zane\" srcset=\"https:\/\/milkywaysblueyes.com\/wp-content\/uploads\/2025\/04\/chemise-Bilma-blanche-Sezane-513x720.jpg 513w, https:\/\/milkywaysblueyes.com\/wp-content\/uploads\/2025\/04\/chemise-Bilma-blanche-Sezane-214x300.jpg 214w, https:\/\/milkywaysblueyes.com\/wp-content\/uploads\/2025\/04\/chemise-Bilma-blanche-Sezane-104x146.jpg 104w, https:\/\/milkywaysblueyes.com\/wp-content\/uploads\/2025\/04\/chemise-Bilma-blanche-Sezane-36x50.jpg 36w, https:\/\/milkywaysblueyes.com\/wp-content\/uploads\/2025\/04\/chemise-Bilma-blanche-Sezane-53x75.jpg 53w, https:\/\/milkywaysblueyes.com\/wp-content\/uploads\/2025\/04\/chemise-Bilma-blanche-Sezane-481x675.jpg 481w, https:\/\/milkywaysblueyes.com\/wp-content\/uploads\/2025\/04\/chemise-Bilma-blanche-Sezane.jpg 577w\" sizes=\"auto, (max-width: 513px) 100vw, 513px\" \/>                                                                    <\/a>\n\n                            <\/div>\n                                                <div class=\"outfit-image-container outfit-image-container-3\">\n                                <a href=\"https:\/\/rstyle.me\/+z1n5iYyadM7WWTNnb-wJKw\" target=\"_blank\">\n                                    <img loading=\"lazy\" decoding=\"async\" width=\"480\" height=\"720\" src=\"https:\/\/milkywaysblueyes.com\/wp-content\/uploads\/2025\/02\/jeans-large-HM-Maternity-480x720.jpg\" class=\"attachment-blog-portfolio size-blog-portfolio wp-post-image\" alt=\"jeans large bleu H&amp;M Maternit\u00e9\" srcset=\"https:\/\/milkywaysblueyes.com\/wp-content\/uploads\/2025\/02\/jeans-large-HM-Maternity-480x720.jpg 480w, https:\/\/milkywaysblueyes.com\/wp-content\/uploads\/2025\/02\/jeans-large-HM-Maternity-200x300.jpg 200w, https:\/\/milkywaysblueyes.com\/wp-content\/uploads\/2025\/02\/jeans-large-HM-Maternity-675x1013.jpg 675w, https:\/\/milkywaysblueyes.com\/wp-content\/uploads\/2025\/02\/jeans-large-HM-Maternity-768x1152.jpg 768w, https:\/\/milkywaysblueyes.com\/wp-content\/uploads\/2025\/02\/jeans-large-HM-Maternity-1024x1536.jpg 1024w, https:\/\/milkywaysblueyes.com\/wp-content\/uploads\/2025\/02\/jeans-large-HM-Maternity-1365x2048.jpg 1365w, https:\/\/milkywaysblueyes.com\/wp-content\/uploads\/2025\/02\/jeans-large-HM-Maternity-97x146.jpg 97w, https:\/\/milkywaysblueyes.com\/wp-content\/uploads\/2025\/02\/jeans-large-HM-Maternity-33x50.jpg 33w, https:\/\/milkywaysblueyes.com\/wp-content\/uploads\/2025\/02\/jeans-large-HM-Maternity-50x75.jpg 50w, https:\/\/milkywaysblueyes.com\/wp-content\/uploads\/2025\/02\/jeans-large-HM-Maternity-450x675.jpg 450w, https:\/\/milkywaysblueyes.com\/wp-content\/uploads\/2025\/02\/jeans-large-HM-Maternity.jpg 1536w\" sizes=\"auto, (max-width: 480px) 100vw, 480px\" \/>                                                                            <div class=\"outfit-size-container\">\n                                            M                                        <\/div>\n                                                                    <\/a>\n\n                            <\/div>\n                    \n                <\/div>\n                <div class=\"last-outfit-slider \">\n                                                <div class=\"outfit-image-container outfit-image-container-4\">\n                                <a href=\"https:\/\/seza.ne\/QPJJTJRxUe\" target=\"_blank\">\n                                    <img loading=\"lazy\" decoding=\"async\" width=\"514\" height=\"720\" src=\"https:\/\/milkywaysblueyes.com\/wp-content\/uploads\/2025\/04\/mules-marrons-Sezane-514x720.jpg\" class=\"attachment-blog-portfolio size-blog-portfolio wp-post-image\" alt=\"mules \u00e0 talons en cuir marron S\u00e9zane\" srcset=\"https:\/\/milkywaysblueyes.com\/wp-content\/uploads\/2025\/04\/mules-marrons-Sezane-514x720.jpg 514w, https:\/\/milkywaysblueyes.com\/wp-content\/uploads\/2025\/04\/mules-marrons-Sezane-214x300.jpg 214w, https:\/\/milkywaysblueyes.com\/wp-content\/uploads\/2025\/04\/mules-marrons-Sezane-104x146.jpg 104w, https:\/\/milkywaysblueyes.com\/wp-content\/uploads\/2025\/04\/mules-marrons-Sezane-36x50.jpg 36w, https:\/\/milkywaysblueyes.com\/wp-content\/uploads\/2025\/04\/mules-marrons-Sezane-54x75.jpg 54w, https:\/\/milkywaysblueyes.com\/wp-content\/uploads\/2025\/04\/mules-marrons-Sezane-482x675.jpg 482w, https:\/\/milkywaysblueyes.com\/wp-content\/uploads\/2025\/04\/mules-marrons-Sezane.jpg 577w\" sizes=\"auto, (max-width: 514px) 100vw, 514px\" \/>                                                                    <\/a>\n\n                            <\/div>\n                                                <div class=\"outfit-image-container outfit-image-container-5\">\n                                <a href=\"https:\/\/seza.ne\/Qt3hhV8jgb\" target=\"_blank\">\n                                    <img loading=\"lazy\" decoding=\"async\" width=\"514\" height=\"720\" src=\"https:\/\/milkywaysblueyes.com\/wp-content\/uploads\/2025\/04\/panier-broderie-fleurs-Sezane-514x720.jpg\" class=\"attachment-blog-portfolio size-blog-portfolio wp-post-image\" alt=\"panier en osier avec broderies marguerites S\u00e9zane\" srcset=\"https:\/\/milkywaysblueyes.com\/wp-content\/uploads\/2025\/04\/panier-broderie-fleurs-Sezane-514x720.jpg 514w, https:\/\/milkywaysblueyes.com\/wp-content\/uploads\/2025\/04\/panier-broderie-fleurs-Sezane-214x300.jpg 214w, https:\/\/milkywaysblueyes.com\/wp-content\/uploads\/2025\/04\/panier-broderie-fleurs-Sezane-675x946.jpg 675w, https:\/\/milkywaysblueyes.com\/wp-content\/uploads\/2025\/04\/panier-broderie-fleurs-Sezane-768x1076.jpg 768w, https:\/\/milkywaysblueyes.com\/wp-content\/uploads\/2025\/04\/panier-broderie-fleurs-Sezane-104x146.jpg 104w, https:\/\/milkywaysblueyes.com\/wp-content\/uploads\/2025\/04\/panier-broderie-fleurs-Sezane-36x50.jpg 36w, https:\/\/milkywaysblueyes.com\/wp-content\/uploads\/2025\/04\/panier-broderie-fleurs-Sezane-54x75.jpg 54w, https:\/\/milkywaysblueyes.com\/wp-content\/uploads\/2025\/04\/panier-broderie-fleurs-Sezane-482x675.jpg 482w, https:\/\/milkywaysblueyes.com\/wp-content\/uploads\/2025\/04\/panier-broderie-fleurs-Sezane.jpg 1052w\" sizes=\"auto, (max-width: 514px) 100vw, 514px\" \/>                                                                    <\/a>\n\n                            <\/div>\n                                                <div class=\"outfit-image-container outfit-image-container-6\">\n                                <a href=\"https:\/\/seza.ne\/QwNgWE4CrA\" target=\"_blank\">\n                                    <img loading=\"lazy\" decoding=\"async\" width=\"513\" height=\"720\" src=\"https:\/\/milkywaysblueyes.com\/wp-content\/uploads\/2025\/04\/lunettes-de-soleil-Sezane-513x720.jpg\" class=\"attachment-blog-portfolio size-blog-portfolio wp-post-image\" alt=\"lunettes de soleil \u00e9cailles beiges S\u00e9zane\" srcset=\"https:\/\/milkywaysblueyes.com\/wp-content\/uploads\/2025\/04\/lunettes-de-soleil-Sezane-513x720.jpg 513w, https:\/\/milkywaysblueyes.com\/wp-content\/uploads\/2025\/04\/lunettes-de-soleil-Sezane-214x300.jpg 214w, https:\/\/milkywaysblueyes.com\/wp-content\/uploads\/2025\/04\/lunettes-de-soleil-Sezane-675x948.jpg 675w, https:\/\/milkywaysblueyes.com\/wp-content\/uploads\/2025\/04\/lunettes-de-soleil-Sezane-768x1078.jpg 768w, https:\/\/milkywaysblueyes.com\/wp-content\/uploads\/2025\/04\/lunettes-de-soleil-Sezane-104x146.jpg 104w, https:\/\/milkywaysblueyes.com\/wp-content\/uploads\/2025\/04\/lunettes-de-soleil-Sezane-36x50.jpg 36w, https:\/\/milkywaysblueyes.com\/wp-content\/uploads\/2025\/04\/lunettes-de-soleil-Sezane-53x75.jpg 53w, https:\/\/milkywaysblueyes.com\/wp-content\/uploads\/2025\/04\/lunettes-de-soleil-Sezane-481x675.jpg 481w, https:\/\/milkywaysblueyes.com\/wp-content\/uploads\/2025\/04\/lunettes-de-soleil-Sezane.jpg 1050w\" sizes=\"auto, (max-width: 513px) 100vw, 513px\" \/>                                                                    <\/a>\n\n                            <\/div>\n                                                <div class=\"outfit-image-container outfit-image-container-7\">\n                                <a href=\"https:\/\/seza.ne\/QVX7Q5fXDJ\" target=\"_blank\">\n                                    <img loading=\"lazy\" decoding=\"async\" width=\"513\" height=\"720\" src=\"https:\/\/milkywaysblueyes.com\/wp-content\/uploads\/2025\/04\/manchettes-dorees-Sezane-513x720.jpg\" class=\"attachment-blog-portfolio size-blog-portfolio wp-post-image\" alt=\"manchette dor\u00e9e S\u00e9zane\" srcset=\"https:\/\/milkywaysblueyes.com\/wp-content\/uploads\/2025\/04\/manchettes-dorees-Sezane-513x720.jpg 513w, https:\/\/milkywaysblueyes.com\/wp-content\/uploads\/2025\/04\/manchettes-dorees-Sezane-214x300.jpg 214w, https:\/\/milkywaysblueyes.com\/wp-content\/uploads\/2025\/04\/manchettes-dorees-Sezane-104x146.jpg 104w, https:\/\/milkywaysblueyes.com\/wp-content\/uploads\/2025\/04\/manchettes-dorees-Sezane-36x50.jpg 36w, https:\/\/milkywaysblueyes.com\/wp-content\/uploads\/2025\/04\/manchettes-dorees-Sezane-53x75.jpg 53w, https:\/\/milkywaysblueyes.com\/wp-content\/uploads\/2025\/04\/manchettes-dorees-Sezane-481x675.jpg 481w, https:\/\/milkywaysblueyes.com\/wp-content\/uploads\/2025\/04\/manchettes-dorees-Sezane.jpg 575w\" sizes=\"auto, (max-width: 513px) 100vw, 513px\" \/>                                                                    <\/a>\n\n                            <\/div>\n                                    <\/div>\n\n            <\/div>\n\n        <\/div>\n\n    <\/div>\n\n    <br>no-repeat;left top;;<br>auto<br>min-height:50vh<br><br><h2>Blog<\/h2> <br><div class=\"infiniteposts\"><div class=\"posts_group masonry col-3\"><\/div><div class=\"\" style=\"text-align:center\"><a href=\"https:\/\/milkywaysblueyes.com\/fr\/blog\/\" data-target=\"https:\/\/milkywaysblueyes.com\/fr\/blog\/\" class=\"button\">Charger plus<\/a><\/div><\/div><br>no-repeat;left top;;<br>auto<br>min-height:50vh<br><br><img decoding=\"async\" src=\"https:\/\/milkywaysblueyes.com\/wp-content\/uploads\/2020\/09\/BLOG-MODE-4.jpg\" alt=\"blog mode\" loading=\"lazy\"><br>full<br>center<br><br><h2>Mode<\/h2> <br> D\u00e9couvrez tous mes looks et d\u00e9nichez les derniers articles que j\\&rsquo;ai shopp\u00e9s. Je vous parle de mes derni\u00e8res s\u00e9lections ou encore des petits conseils mode afin d\\&rsquo;am\u00e9liorer vos tenues !  <br><a class=\"button  button_size_2 button_dark\"  href=\"\"    ><span class=\"button_label\">Button<\/span><\/a>\n<br>no-repeat;left top;;<br>auto<br><br><h2>Voyage<\/h2> <br>Europe, Asie ou encore Am\u00e9rique, retrouvez toutes mes bonnes adresses ainsi que mes conseils pour voyager. Cette rubrique reprend toutes les adresses o\u00f9 j\u2019ai eu la chance de me rendre, les itin\u00e9raires que j\\&rsquo;ai \u00e9labor\u00e9s ou encore les restos \u00e0 ne pas manquer dans ces diff\u00e9rentes destinations.  <br><a class=\"button  button_size_2 button_dark\"  href=\"\"    ><span class=\"button_label\">Button<\/span><\/a>\n<br>no-repeat;left top;;<br>auto<br><br><img decoding=\"async\" src=\"https:\/\/milkywaysblueyes.com\/wp-content\/uploads\/2020\/09\/BLOG-MODE-2.jpg\" alt=\"blog mode\" loading=\"lazy\"><br>full<br>center<br><br><img decoding=\"async\" src=\"https:\/\/milkywaysblueyes.com\/wp-content\/uploads\/2020\/09\/BLOG-MODE-3.jpg\" alt=\"blog mode\" loading=\"lazy\"><br>full<br>center<br><br><h2>Lifestyle<\/h2> <br>Mes bonnes adresses, les mus\u00e9es et expos auxquelles j\\&rsquo;ai pu me rendre, mes astuces d\u00e9co, d\u00e9couvrez la cat\u00e9gorie lifestyle ! Vous pourrez \u00e9galement y retrouver l\\&rsquo;int\u00e9gralit\u00e9 de mes recettes &#8230;  <br><a class=\"button  button_size_2 button_dark\"  href=\"\"    ><span class=\"button_label\">Button<\/span><\/a>\n<br>no-repeat;left top;;<br>auto<br><br><h2>Beaut\u00e9<\/h2> <br>D\u00e9couvrez tous les d\u00e9tails de ma routine beaut\u00e9, mes produits coup de coeur ou encore mes trucs et astuces pour me sentir bien dans mon corps. Du bien-\u00eatre aux conseils produits, bienvenue dans la cat\u00e9gorie Beaut\u00e9 ! <br><a class=\"button  button_size_2 button_dark\"  href=\"\"    ><span class=\"button_label\">Button<\/span><\/a>\n<br>no-repeat;left top;;<br>auto<br><br><img decoding=\"async\" src=\"https:\/\/milkywaysblueyes.com\/wp-content\/uploads\/2020\/09\/BLOG-MODE.jpg\" alt=\"BLOG-MODE\" loading=\"lazy\"><br>full<br>center<br><br><img decoding=\"async\" src=\"https:\/\/milkywaysblueyes.com\/wp-content\/uploads\/2022\/10\/trench-coat-mode-automne-femme-2599.jpg\" alt=\"Tenue trench coat noir effet cuir femmes : la tendance intemporelle \u00e0 adopter cet automne\" loading=\"lazy\"><br>large<br>Blog mode milkywaysblueyes<br>center<br><br><a class=\"button  button_size_2 button_dark\"  href=\"\"    ><span class=\"button_label\">Button<\/span><\/a>\n <br><a class=\"button  button_size_2 button_dark\"  href=\"\"    ><span class=\"button_label\">Button<\/span><\/a>\n <br><a class=\"button  button_size_2 button_dark\"  href=\"\"    ><span class=\"button_label\">Button<\/span><\/a>\n<br>no-repeat;left top;;<br>auto<br><br><h2>A propos<\/h2> <br>Hello et bienvenue sur mon blog mode ! Je m\\&rsquo;appelle Claire, je suis belge et j\\&rsquo;ai r\u00e9cemment souffl\u00e9 mes 28 bougies. Aujourd\\&rsquo;hui, blogueuse mode et voyage, j\\&rsquo;adore partager avec ma communaut\u00e9 mes bons plans, mes bonnes adresses, mes petits bonheurs mais aussi mes gal\u00e8res. R\u00e9cemment dipl\u00f4m\u00e9e en droit, je vis entre Bruxelles et Paris entour\u00e9e de ma famille et de mes amis.  <br>L\\&rsquo;histoire commence en 2013, lorsque je d\u00e9cide de lancer mon blog mode Milkywaysblueyes afin de partager ma passion pour la mode et les voyages. Je me suis vite prise au jeu et cette passion est devenue aujourd\\&rsquo;hui mon m\u00e9tier ! D\u00e9sormais pr\u00e9sente sur 6 diff\u00e9rents canaux, j\\&rsquo;adore cr\u00e9er du contenu artistique de qualit\u00e9 et raconter une histoire \u00e0 travers des photos, des vid\u00e9os ou encore des articles.&lt;\/p <br><a>Voir la suite<\/a> <br> <br>Mais vous vous demandez s\u00fbrement comment Claire est devenue Milkywaysblueyes ? Et bien, ce nom est simplement sorti de mon imagination. A mes d\u00e9buts, je ne pensais pas devoir partager ce nom \u00e0 une communaut\u00e9 si importante. J\\&rsquo;ai donc simplement pris la premi\u00e8re combinaison comprenant un trait physique mais aussi un trait de personnalit\u00e9 qui sonnait bien&#8230; J\\&rsquo;ai donc associ\u00e9 \\\u00a0\u00bbblue eyes\\\u00a0\u00bb \u00e0 \\\u00a0\u00bbmilkyway\\\u00a0\u00bb signifiant la voie lact\u00e9e en fran\u00e7ais. Et pouf, le tour \u00e9tait jou\u00e9 : je m\\&rsquo;appelais d\u00e9sormais \\\u00a0\u00bbles yeux bleus de la voie lact\u00e9e\\\u00a0\u00bb, autrement dit Milkywaysblueyes. <br>By Claire <br><br>no-repeat;left top;;<br>auto<br><br>\n<div id=\"sb_instagram\"  class=\"sbi sbi_mob_col_2 sbi_tab_col_2 sbi_col_6 sbi-theme sbi-default_theme sbi-style-regular\" style=\"width: 100%;\" data-post-style=\"regular\"\t data-feedid=\"sbi_17841401030086005#20\"  data-res=\"auto\" data-cols=\"6\" data-colsmobile=\"2\" data-colstablet=\"2\" data-num=\"20\" data-nummobile=\"\" data-header-size=\"small\" data-item-padding=\"0\"\t data-shortcode-atts=\"{&quot;showcaption&quot;:&quot;false&quot;}\"  data-postid=\"29107\" data-locatornonce=\"74b6666e80\" data-options=\"{&quot;carousel&quot;:[true,false,true,5000,true,1],&quot;avatars&quot;:{&quot;milkywaysblueyes&quot;:&quot;&quot;,&quot;LCLmilkywaysblueyes&quot;:&quot;https:\\\/\\\/milkywaysblueyes.com\\\/wp-content\\\/uploads\\\/sb-instagram-feed-images\\\/milkywaysblueyes.jpg&quot;},&quot;lightboxcomments&quot;:20,&quot;colsmobile&quot;:2,&quot;colstablet&quot;:2,&quot;captionsize&quot;:13,&quot;captionlength&quot;:50,&quot;imageaspectratio&quot;:&quot;1:1&quot;}\" data-sbi-flags=\"gdpr\">\n\n\t\n\t<div id=\"sbi_images\">\n\t\t\t<\/div>\n\n\t<div id=\"sbi_load\" >\n\n\t\n\t\n<\/div>\n\n\t\t<span class=\"sbi_resized_image_data\" data-feed-id=\"sbi_17841401030086005#20\"\n\t\t  data-resized=\"[]\">\n\t<\/span>\n\t\t\t<div id=\"sbi_mod_error\">\n\t\t\t<span>This error message is only visible to WordPress admins<\/span><br\/>\n\t\t\t<div><strong>There has been a problem with your Instagram Feed.<\/strong><\/div>\t\t<\/div>\n\t\t\n<\/div>\n\n<br>no-repeat;left top;;<br>auto<br><br><\/p>\n","protected":false},"excerpt":{"rendered":"<p>home fullrightheader-picture no-repeat;left top;;automin-height:50vh Blog no-repeat;left top;;automin-height:50vh fullcenter Mode D\u00e9couvrez tous mes looks et d\u00e9nichez les derniers articles que j\\&rsquo;ai shopp\u00e9s. Je vous parle de mes<span class=\"excerpt-hellip\"> [\u2026]<\/span><\/p>\n","protected":false},"author":11,"featured_media":0,"parent":0,"menu_order":1,"comment_status":"closed","ping_status":"closed","template":"","meta":{"_acf_changed":false,"footnotes":""},"class_list":["post-29107","page","type-page","status-publish","hentry"],"acf":[],"_links":{"self":[{"href":"https:\/\/milkywaysblueyes.com\/fr\/wp-json\/wp\/v2\/pages\/29107","targetHints":{"allow":["GET"]}}],"collection":[{"href":"https:\/\/milkywaysblueyes.com\/fr\/wp-json\/wp\/v2\/pages"}],"about":[{"href":"https:\/\/milkywaysblueyes.com\/fr\/wp-json\/wp\/v2\/types\/page"}],"author":[{"embeddable":true,"href":"https:\/\/milkywaysblueyes.com\/fr\/wp-json\/wp\/v2\/users\/11"}],"replies":[{"embeddable":true,"href":"https:\/\/milkywaysblueyes.com\/fr\/wp-json\/wp\/v2\/comments?post=29107"}],"version-history":[{"count":0,"href":"https:\/\/milkywaysblueyes.com\/fr\/wp-json\/wp\/v2\/pages\/29107\/revisions"}],"wp:attachment":[{"href":"https:\/\/milkywaysblueyes.com\/fr\/wp-json\/wp\/v2\/media?parent=29107"}],"curies":[{"name":"wp","href":"https:\/\/api.w.org\/{rel}","templated":true}]}}