{"id":44087,"date":"2022-03-14T10:00:05","date_gmt":"2022-03-14T09:00:05","guid":{"rendered":"https:\/\/milkywaysblueyes.com\/?page_id=44087"},"modified":"2022-03-14T10:00:08","modified_gmt":"2022-03-14T09:00:08","slug":"conditions-generales","status":"publish","type":"page","link":"https:\/\/milkywaysblueyes.com\/en\/conditions-generales\/","title":{"rendered":"Conditions g\u00e9n\u00e9rales"},"content":{"rendered":"\n<figure class=\"wp-block-table\"><table><tbody><tr><td><strong>CONDITIONS GENERALES DE VENTE<\/strong><\/td><\/tr><\/tbody><\/table><\/figure>\n\n\n\n<p><strong><u>ARTICLE 1 \u2013 <\/u><\/strong><strong><u>CONDITIONS D\u2019APPLICATION<\/u><\/strong><strong><u><\/u><\/strong><\/p>\n\n\n\n<ol class=\"wp-block-list\" type=\"1\"><li>Les pr\u00e9sentes conditions g\u00e9n\u00e9rales de vente (ci-apr\u00e8s \u00ab&nbsp;les Conditions G\u00e9n\u00e9rales \u00bb) &nbsp;s\u2019appliquent \u00e0 toutes les &nbsp;relations entre la soci\u00e9t\u00e9 CM-ECREATE SRL dont le si\u00e8ge social est \u00e9tabli 402 avenue de Tervueren, 1150 Woluwe-Saint-Pierre (Belgique), inscrite \u00e0 la B.C.E. sous le n\u00b00666.930.329 (ci-apr\u00e8s \u00ab&nbsp;CM-ECREATE&nbsp;\u00bb) et le client (ci-apr\u00e8s le \u00ab&nbsp;Client&nbsp;\u00bb). Elles s\u2019appliquent \u00e0 tous les services et biens fournis par CM-ECREATE au Client (ci-apr\u00e8s la \u00ab&nbsp;Mission&nbsp;\u00bb).<ol><li>L\u2019acceptation du devis propos\u00e9 par CM-ECREATE implique l\u2019acceptation sans r\u00e9serve du Client des pr\u00e9sentes Conditions G\u00e9n\u00e9rales qui y sont jointes et consultables via le lien suivant: <a href=\"http:\/\/milkywaysblueyes.com\/\">http:\/\/milkywaysblueyes.com\/<\/a>.<\/li><\/ol><ol><li>Les pr\u00e9sentes Conditions G\u00e9n\u00e9rales r\u00e9gissent tous les contrats de vente de la Mission et sont compl\u00e9t\u00e9es, le cas \u00e9ch\u00e9ant, par les conditions particuli\u00e8res contenues dans les documents commerciaux de CM-ECREATE tel que le devis. En cas de conflit et\/ou de contradiction entre ces diff\u00e9rents documents, les conditions particuli\u00e8res pr\u00e9vaudront sur les Conditions G\u00e9n\u00e9rales.<\/li><\/ol><ol><li>L\u2019acceptation des pr\u00e9sentes Conditions G\u00e9n\u00e9rales exclut l\u2019application de toute autre disposition se trouvant dans les documents commerciaux du Client, except\u00e9 accord pr\u00e9alable et \u00e9crit de la part de CM-ECREATE.<\/li><\/ol><\/li><\/ol>\n\n\n\n<p><strong><u>ARTICLE 2 \u2013<\/u><\/strong><strong><u> COMMANDE<\/u><\/strong><\/p>\n\n\n\n<ul class=\"wp-block-list\"><li>Le contrat relatif \u00e0 la Mission entre en vigueur par l\u2019accord du Client sur le devis propos\u00e9 par CM-ECREATE.<\/li><li>En l\u2019absence de tout document contractuel, les \u00e9crits, et notamment les emails, \u00e9chang\u00e9s entre les parties peuvent servir \u00e0 l\u2019\u00e9tablissement d\u2019une relation contractuelle et de ce fait constituer une preuve r\u00e9guli\u00e8re de l\u2019existence de la commande de la Mission par le Client.<\/li><li>La dur\u00e9e de validit\u00e9 du devis est de 30 jours \u00e0 compter de sa date d\u2019\u00e9mission, sauf indication contraire expresse. Les prix mentionn\u00e9s sont libell\u00e9s en euros et s\u2019entendent hors taxes.<\/li><li>Toute acceptation du devis par le Client est irr\u00e9vocable et donnera lieu au paiement int\u00e9gral du prix de la Mission, sauf acceptation contraire \u00e9crite de CM-ECREATE. En cons\u00e9quence, toute annulation ou r\u00e9siliation, pour quelque cause que ce soit, donne droit au paiement de la totalit\u00e9 de la r\u00e9mun\u00e9ration pr\u00e9vue, sans pr\u00e9judice du droit pour CM-ECREATE de r\u00e9clamer la r\u00e9paration int\u00e9grale de tout dommage \u00e9ventuel. Le pr\u00e9sent article s\u2019applique \u00e0 toute annulation que celle-ci intervienne avant ou pendant l\u2019ex\u00e9cution de la Mission. L\u2019annulation de la Mission doit se faire par \u00e9crit notifi\u00e9 \u00e0 CM-ECREATE.<\/li><li>Le devis de la Mission est \u00e9tabli sur base des indications fournies initialement par le Client. Toute modification de la Mission \u00e0 la demande du Client ou en raison de nouvelles informations port\u00e9es \u00e0 la connaissance de CM-ECREATE est susceptible d\u2019entra\u00eener une r\u00e9vision du prix ou une prolongation du d\u00e9lai de la Mission.<\/li><li>Toute version suppl\u00e9mentaire ou compl\u00e9mentaire d\u2019\u00e9l\u00e9ment\/cr\u00e9ation de la Mission fera l\u2019objet d\u2019un nouveau devis ou, \u00e0 d\u00e9faut, sera factur\u00e9e \u00e0 hauteur de 20% du prix total initial convenu.<\/li><li>Sauf instructions expresses pr\u00e9cises de la part du Client, CM-ECREATE aura une libert\u00e9 cr\u00e9ative totale concernant le contenu cr\u00e9\u00e9 dans le cadre de la Mission, sans qu\u2019une approbation pr\u00e9alable du Client ne doive \u00eatre obtenue.<\/li><\/ul>\n\n\n\n<p><strong><u>ARTICLE 3 \u2013 DELAIS ET LIVRAISON<\/u><\/strong><\/p>\n\n\n\n<ul class=\"wp-block-list\"><li>Les d\u00e9lais sont annonc\u00e9s \u00e0 titre indicatif et ne commencent \u00e0 courir que le lendemain de la remise par le Client de tous les \u00e9l\u00e9ments n\u00e9cessaires \u00e0 la r\u00e9alisation de la Mission.<\/li><li>En outre, les d\u00e9lais convenus sont prorog\u00e9s du retard \u00e9ventuel du Client dans l\u2019apport d\u2019\u00e9l\u00e9ments n\u00e9cessaires \u00e0 l\u2019ex\u00e9cution de la Mission.<\/li><li>Un retard dans la r\u00e9alisation de la Mission ne peut en aucun cas donner lieu de plein droit \u00e0 l\u2019annulation d\u2019une commande et\/ou \u00e0 la r\u00e9solution du contrat par le Client ni au paiement d\u2019une indemnit\u00e9 de quelque nature que ce soit.<\/li><li>La Mission est r\u00e9put\u00e9e r\u00e9alis\u00e9e conform\u00e9ment \u00e0 ce qui a \u00e9t\u00e9 convenu entre les parties et accept\u00e9e sans r\u00e9serve par le Client \u00e0 d\u00e9faut de r\u00e9clamation ou de refus communiqu\u00e9 par lettre recommand\u00e9e end\u00e9ans les huit jours calendrier qui suivent l\u2019ach\u00e8vement de la Mission. Si le moment exact de l\u2019ach\u00e8vement de la Mission ne peut pas \u00eatre raisonnablement estim\u00e9 ou si la Mission est continue, le d\u00e9lai de huit jours prend cours \u00e0 dater de l\u2019envoi de la facture.<\/li><li>En cas de r\u00e9clamation ou de refus justifi\u00e9 du Client end\u00e9ans ce d\u00e9lai, CM-ECREATE aura le choix de remplacer l\u2019\u00e9l\u00e9ment de la Mission qui aura \u00e9t\u00e9 d\u00e9montr\u00e9 comme non conforme ou de proc\u00e9der au remboursement du prix pay\u00e9 pour cet \u00e9l\u00e9ment. Aucune autre indemnisation ne pourra \u00eatre exig\u00e9e \u00e0 ce titre par le Client.<\/li><li>Sans pr\u00e9judice de l\u2019article 7, l\u2019exploitation d\u2019\u00e9l\u00e9ments\/cr\u00e9ations issus de la Mission entra\u00eene de plein droit l\u2019agr\u00e9ation de la Mission. La non-conformit\u00e9 d\u2019une partie des \u00e9l\u00e9ments\/cr\u00e9ations issus de la Mission ne donne pas droit au Client d\u2019en refuser la totalit\u00e9.<\/li><\/ul>\n\n\n\n<p><strong><u>ARTICLE 4 \u2013 PRIX ET PAIEMENT<\/u><\/strong><\/p>\n\n\n\n<ul class=\"wp-block-list\"><li>Le prix de la Mission est convenu entre les parties. Les frais de d\u00e9placement, logement et autres frais divers li\u00e9s \u00e0 la Mission sont \u00e0 charge du Client et <a>sont dus <\/a>en sus du prix de la Mission sauf s\u2019ils sont express\u00e9ment inclus dans le prix de la Mission. <strong><\/strong><\/li><li>Sauf disposition contraire expresse, l\u2019ex\u00e9cution de la Mission est subordonn\u00e9e au paiement d\u2019un acompte de 50% du prix total convenu, le solde \u00e9tant pay\u00e9 \u00e0 la fin de la Mission.<strong><\/strong><\/li><li>Les factures sont payables \u00e0 l\u2019\u00e9ch\u00e9ance mentionn\u00e9e sur la facture par virement bancaire sur le compte IBAN&nbsp;indiqu\u00e9.<\/li><li>Les factures non pay\u00e9es ou partiellement pay\u00e9es \u00e0 leur \u00e9ch\u00e9ance portent de plein droit et sans mise en demeure pr\u00e9alable des int\u00e9r\u00eats contractuels fix\u00e9s \u00e0&nbsp; 12% l\u2019an du montant impay\u00e9. En outre, une indemnit\u00e9 forfaitaire d\u2019un montant \u00e9gal \u00e0 12% des sommes impay\u00e9es sera due de plein droit et sans mise en demeure pr\u00e9alable, avec un minimum de 75 \u20ac par facture.<\/li><li>\u00c0 d\u00e9faut de paiement de l\u2019acompte ou du solde aux termes convenus, CM-ECREATE se r\u00e9serve le droit, sans mise en demeure pr\u00e9alable ni pr\u00e9avis, de suspendre ou r\u00e9silier le contrat et de retenir les travaux, fournitures, marchandises ou prestations en garantie des sommes dues.<\/li><li>Une facture est r\u00e9put\u00e9e accept\u00e9e par le Client si celle-ci n\u2019a pas contest\u00e9e par lettre recommand\u00e9e circonstanci\u00e9e dans les 10 jours calendaires de son \u00e9mission.<\/li><\/ul>\n\n\n\n<p><strong><u>ARTICLE 5 \u2013&nbsp;<\/u><\/strong><strong><u>RESPONSABILITE <\/u><\/strong><strong><u>ET FORCE MAJEURE<\/u><\/strong><\/p>\n\n\n\n<ul class=\"wp-block-list\"><li>CM-ECREATE n\u2019est tenu qu\u2019\u00e0 une obligation de moyen. CM-ECREATE n\u2019assume d\u00e8s lors aucune responsabilit\u00e9 pour l\u2019inex\u00e9cution, les retards dans l\u2019ex\u00e9cution, les malfa\u00e7ons ou autres d\u00e9faillances attribuables au Client ou r\u00e9sultant d\u2019un cas de force majeure ou d\u2019\u00e9v\u00e8nements, m\u00eame pr\u00e9visibles, \u00e9chappant \u00e0 son contr\u00f4le et qui r\u00e9duisent, retardent ou emp\u00eachent l\u2019ex\u00e9cution de la Mission (et sans que cette liste ne soit limitative : pannes \u00e9lectriques, d\u00e9faillance du r\u00e9seau de t\u00e9l\u00e9communications, maladie, incident de service, ou encore d\u00e9faillances d\u2019un des sous-traitants ou d\u2019un autre prestataire, etc.).<\/li><li>Dans ces circonstances, CM-ECREATE sera en droit de r\u00e9silier la convention ou de suspendre l\u2019ex\u00e9cution de la Mission aussi longtemps que l\u2019\u00e9v\u00e8nement perdurera sans qu\u2019il ne soit tenu de payer une quelconque indemnit\u00e9 au Client.<\/li><li>CM-ECREATE ne pourra en aucun cas \u00eatre tenu responsable en cas de perte ou dommage de quelque nature que ce soit (direct ou indirect, mat\u00e9riel ou immat\u00e9riel) r\u00e9sultant de l\u2019ex\u00e9cution de la Mission, en ce compris et de mani\u00e8re non exhaustive, le pr\u00e9judice financier ou commercial, d\u2019atteinte \u00e0 la r\u00e9putation, la perte de b\u00e9n\u00e9fices, l\u2019augmentation de frais g\u00e9n\u00e9raux, le manque \u00e0 gagner, la perte de temps de fonctionnement, de client\u00e8le, la perte ou corruption de donn\u00e9es, de mat\u00e9riel, de logiciel, etc.<\/li><li>CM-ECREATE n\u2019est en aucun cas responsable de probl\u00e8mes ou litiges survenant post\u00e9rieurement \u00e0 l\u2019ach\u00e8vement de la Mission.<\/li><li>En tout \u00e9tat de cause, pour autant que la responsabilit\u00e9 de CM-ECREATE soit \u00e9tablie, sa responsabilit\u00e9 sera limit\u00e9e au dommage pr\u00e9visible lors de la souscription de la Mission, \u00e0 savoir le prix des prestations factur\u00e9es depuis le d\u00e9but du contrat.<\/li><li>Les documents appartenant au Client et se trouvant dans les locaux de CM-ECREATE le sont aux risques et p\u00e9rils du Client. Ce dernier exon\u00e8re express\u00e9ment CM-ECREATE de toute responsabilit\u00e9 g\u00e9n\u00e9ralement quelconque, notamment en cas de d\u00e9t\u00e9rioration ou perte, totale ou partielle et pour quelque cause que ce soit.<\/li><\/ul>\n\n\n\n<p><strong><u>ARTICLE 6 \u2013 OBLIGATIONS ET GARANTIES<\/u><\/strong><\/p>\n\n\n\n<ul class=\"wp-block-list\"><li>CM-ECREATE s\u2019engage \u00e0 apporter tout le soin et la diligence n\u00e9cessaire \u00e0 l\u2019ex\u00e9cution de la Mission (obligation de moyens).<\/li><li>Outre le bon et entier paiement du prix de la Mission, le Client est tenu de coop\u00e9rer avec CM-ECREATE afin de lui permettre de r\u00e9aliser la Mission de mani\u00e8re optimale, et ce notamment en lui transmettant sans d\u00e9lai toutes les informations et documents n\u00e9cessaires pour ce faire.<\/li><li>En cas d\u2019inex\u00e9cution, m\u00eame partielle, des obligations qui incombent au Client pendant un d\u00e9lai de 30 jours suivant notification par CM-ECREATE, ce dernier pourra consid\u00e9rer le contrat r\u00e9solu de plein droit aux torts et griefs du Client et ce sous r\u00e9serve de tous dommages et int\u00e9r\u00eats.<\/li><li>Sauf stipulation contraire \u00e9crite, le Client garantit que les \u00e9l\u00e9ments et contenu (typographie, photographies, dessins, mod\u00e8les, musique, etc.) qu\u2019il transmet \u00e0 CM-ECREATE pour l\u2019ex\u00e9cution de la Mission n\u2019enfreignent pas les droits de tiers et peuvent \u00eatre librement utilis\u00e9s, sans restriction aucune, pour les besoins de celle-ci. Par cons\u00e9quent, le Client exon\u00e8re CM-ECREATE de toute responsabilit\u00e9 \u00e0 cet \u00e9gard et garantit notamment CM-ECREATE contre tout recours d\u2019un tiers revendiquant des droits sur lesdits \u00e9l\u00e9ments et le tiendra indemne de tout pr\u00e9judice.<\/li><\/ul>\n\n\n\n<p><strong><u>ARTICLE 7 &#8211; DROITS DE PROPRIETE INTELLECTUELLE<\/u><\/strong><\/p>\n\n\n\n<ul class=\"wp-block-list\"><li>Sauf stipulation contraire expresse, CM-ECREATE reste seul titulaire des droits soumis \u00e0 la l\u00e9gislation relative \u00e0 la propri\u00e9t\u00e9 intellectuelle au sens large (en ce compris les droits d\u2019auteur, droits voisins, marque, brevet, dessin et mod\u00e8le) relatifs aux \u0153uvres et prestations r\u00e9alis\u00e9s dans le cadre de la Mission qui lui est confi\u00e9e, notamment les textes, l\u00e9gendes, commentaires, ouvrages, illustrations et images, qu&#8217;ils soient visuels ou sonores ou autres. Le droit \u00e0 l\u2019image appartient \u00e0 chacune des personnes repr\u00e9sent\u00e9es sur les photos et vid\u00e9os issues de la Mission.<\/li><li>Le Client ne peut donc en aucun cas exploiter, (r\u00e9)utiliser ou modifier tout ou partie des cr\u00e9ations susvis\u00e9es, sans l\u2019autorisation pr\u00e9alable et \u00e9crite de CM-ECREATE, et ce, tant pendant la dur\u00e9e du contrat qu\u2019apr\u00e8s son expiration. Toute cession des droits vis\u00e9s ci-avant devra faire l\u2019objet d\u2019un accord sp\u00e9cifique.<\/li><li>Les supports originaux issus de la Mission restent la propri\u00e9t\u00e9 de CM-ECREATE qui, sauf clause contraire, pourra proc\u00e9der \u00e0 leur destruction ou effacement apr\u00e8s la r\u00e9alisation de la Mission.<\/li><li>Le Client autorise CM-ECREATE \u00e0 exploiter tout ou partie de la Mission et des cr\u00e9ations et \u00e0 reproduire sa marque ou les autres signes distinctifs apparaissant dans les cr\u00e9ations sur tout support, par tout moyen digital, papier ou \u00e9lectronique (en ce compris sites internet, showr\u00e9el, blogs, forums, r\u00e9seaux sociaux, etc.).<\/li><\/ul>\n\n\n\n<p><strong><u>ARTICLE 8 \u2013 CONFIDENTIALITE<\/u><\/strong><\/p>\n\n\n\n<p>Toute information communiqu\u00e9e ou \u00e9chang\u00e9e entre CM-ECREATE et le Client dans le cadre de la Mission est strictement confidentielle et le restera durant les cinq ann\u00e9es suivant la fin de la Mission, et ce \u00e0 l\u2019exception des informations publiques et normalement accessibles au public.<\/p>\n\n\n\n<p><strong>ARTICLE 9 \u2013<\/strong><strong><u> <\/u><\/strong><strong><u>TRAITEMENT DES DONNEES A CARACTERE PERSONNEL<\/u><\/strong><\/p>\n\n\n\n<ul class=\"wp-block-list\"><li>Afin de pouvoir ex\u00e9cuter la Mission, CM-ECREATE traite les donn\u00e9es \u00e0 caract\u00e8re personnel du Client telles que ses donn\u00e9es d\u2019identification et de facturation dans le respect de la r\u00e9glementation en vigueur applicable au traitement de donn\u00e9es \u00e0 caract\u00e8re personnel et notamment le r\u00e8glement (UE) 2016\/679 du Parlement europ\u00e9en et du Conseil du 27 avril 2016 relatif \u00e0 la protection des personnes physiques \u00e0 l&#8217;\u00e9gard du traitement des donn\u00e9es \u00e0 caract\u00e8re personnel et la libre circulation de ces donn\u00e9es applicables depuis le 25 mai 2018 et la loi du 30 juillet 2018 relative \u00e0 la protection des personnes physiques \u00e0 l&#8217;\u00e9gard des traitements de donn\u00e9es \u00e0 caract\u00e8re personnel.<\/li><li>L\u2019information compl\u00e8te sur le traitement des donn\u00e9es \u00e0 caract\u00e8re personnel du Client fait par CM-ECREATE est contenue dans sa Politique de confidentialit\u00e9 consultable via le lien suivant: <a href=\"https:\/\/milkywaysblueyes.com\/fr\/politique-de-confidentialite\/\">https:\/\/milkywaysblueyes.com\/fr\/politique-de-confidentialite\/<\/a><\/li><\/ul>\n\n\n\n<p><strong><u>ARTICLE 10 \u2013 <\/u><\/strong><strong><u>DROIT<\/u><\/strong><strong><u> <\/u><\/strong><strong><u>APPLICABLE<\/u><\/strong><strong><u> <\/u><\/strong><strong><u>ET<\/u><\/strong><strong><u> <\/u><\/strong><strong><u>JURIDICTION<\/u><\/strong><strong><u> <\/u><\/strong><strong><u>COMPETENTE<\/u><\/strong><\/p>\n\n\n\n<ol class=\"wp-block-list\" type=\"1\"><li>Les Conditions g\u00e9n\u00e9rales ainsi que de tout contrat conclu avec CM-ECREATE sont soumis au droit belge.<\/li><li>Tout litige relatif \u00e0 leur validit\u00e9, \u00e0 leur interpr\u00e9tation et\/ou \u00e0 leur ex\u00e9cution rel\u00e8ve de la comp\u00e9tence du tribunal de l\u2019entreprise francophone de Bruxelles.<\/li><\/ol>\n\n\n\n<p><strong><u>ARTICLE 11 \u2013 DISPOSITIONS FINALES<\/u><\/strong><\/p>\n\n\n\n<ol class=\"wp-block-list\" type=\"1\"><li>Le fait que CM-ECREATE ne se pr\u00e9vale pas, \u00e0 un moment ou \u00e0 un autre, d&#8217;une des dispositions des pr\u00e9sentes Conditions G\u00e9n\u00e9rales ou du contrat ne pourra \u00eatre interpr\u00e9t\u00e9 comme valant renonciation par cette derni\u00e8re \u00e0 s&#8217;en pr\u00e9valoir ult\u00e9rieurement.<\/li><li>Dans l\u2019hypoth\u00e8se o\u00f9 l&#8217;une des dispositions des Conditions G\u00e9n\u00e9rales ou du contrat serait jug\u00e9e ill\u00e9gale ou inapplicable, cette disposition sera interpr\u00e9t\u00e9e autant que possible conform\u00e9ment \u00e0 l&#8217;intention initiale de CM-ECREATE, sans que cela n&#8217;affecte la validit\u00e9 des autres dispositions qui resteront en vigueur.<\/li><\/ol>\n\n\n\n<p><strong><u>CM-ECREATE SRL<\/u><\/strong><\/p>\n\n\n\n<p><strong><u>402 Avenue de Tervuren<\/u><\/strong><\/p>\n\n\n\n<p><strong><u>1150 Woluwe-Saint-Pierre<\/u><\/strong><\/p>\n\n\n\n<p><strong><u>Belgique<\/u><\/strong><\/p>\n\n\n\n<p><strong><u>BE0666&nbsp;930&nbsp;329<\/u><\/strong><\/p>\n\n\n\n<p><a href=\"mailto:Contact@milkywaysblueyes.com\"><strong>Contact@milkywaysblueyes.com<\/strong><\/a><strong><u><\/u><\/strong><\/p>\n\n\n\n<p>Mise \u00e0 jour le 07\/03\/2022<\/p>\n","protected":false},"excerpt":{"rendered":"<p>CONDITIONS GENERALES DE VENTE ARTICLE 1 \u2013 CONDITIONS D\u2019APPLICATION Les pr\u00e9sentes conditions g\u00e9n\u00e9rales de vente (ci-apr\u00e8s \u00ab&nbsp;les Conditions G\u00e9n\u00e9rales \u00bb) &nbsp;s\u2019appliquent \u00e0 toutes les &nbsp;relations entre<span class=\"excerpt-hellip\"> [\u2026]<\/span><\/p>\n","protected":false},"author":1,"featured_media":0,"parent":0,"menu_order":0,"comment_status":"closed","ping_status":"closed","template":"","meta":{"_acf_changed":false,"footnotes":""},"class_list":["post-44087","page","type-page","status-publish","hentry"],"acf":[],"_links":{"self":[{"href":"https:\/\/milkywaysblueyes.com\/en\/wp-json\/wp\/v2\/pages\/44087","targetHints":{"allow":["GET"]}}],"collection":[{"href":"https:\/\/milkywaysblueyes.com\/en\/wp-json\/wp\/v2\/pages"}],"about":[{"href":"https:\/\/milkywaysblueyes.com\/en\/wp-json\/wp\/v2\/types\/page"}],"author":[{"embeddable":true,"href":"https:\/\/milkywaysblueyes.com\/en\/wp-json\/wp\/v2\/users\/1"}],"replies":[{"embeddable":true,"href":"https:\/\/milkywaysblueyes.com\/en\/wp-json\/wp\/v2\/comments?post=44087"}],"version-history":[{"count":0,"href":"https:\/\/milkywaysblueyes.com\/en\/wp-json\/wp\/v2\/pages\/44087\/revisions"}],"wp:attachment":[{"href":"https:\/\/milkywaysblueyes.com\/en\/wp-json\/wp\/v2\/media?parent=44087"}],"curies":[{"name":"wp","href":"https:\/\/api.w.org\/{rel}","templated":true}]}}