{"id":29353,"date":"2020-08-25T17:12:43","date_gmt":"2020-08-25T15:12:43","guid":{"rendered":"https:\/\/milkywaysblueyes.com\/?page_id=29353"},"modified":"2023-04-05T13:48:30","modified_gmt":"2023-04-05T11:48:30","slug":"fashion","status":"publish","type":"page","link":"https:\/\/milkywaysblueyes.com\/en\/fashion\/","title":{"rendered":"Fashion"},"content":{"rendered":"\n<p><br><br><img decoding=\"async\" src=\"https:\/\/milkywaysblueyes.com\/wp-content\/uploads\/2023\/02\/Tenue-Elegante-Hiver-1.jpg\" alt=\"Tenue Femme Elegante Hiver \" loading=\"lazy\"><br><br><br><h2>My Closet<\/h2> <br>Did you fall in love with one of the pieces I wore? Fin it here! You can easily find my latest outfits and everything in my closet. You said shopping? <br><a class=\"button  button_size_2 button_dark\"  href=\"\"    ><span class=\"button_label\">Button<\/span><\/a>\n<br><br><br><h2>Outfits<\/h2> <br>Looking for inspiration to create an outfit or the perfect look? You are in the right place ! Find the best looks adapted every single situation. Follow the guide ! <br><a class=\"button  button_size_2 button_dark\"  href=\"\"    ><span class=\"button_label\">Button<\/span><\/a>\n<br><br><br><img decoding=\"async\" src=\"https:\/\/milkywaysblueyes.com\/wp-content\/uploads\/2023\/03\/Photo-En-Tete-Robe-Rose.jpg\" alt=\"Tenue Femme Robe Rose Gants en Dentelle Noirs\" loading=\"lazy\"><br><br><br><h2>Latest posts<\/h2><br>center<br>no-repeat;left top;;<br>auto<br><br>    <div class=\"milky-posts-container last-posts\">\n                    <div class=\"milky-post-item\">\n\n                \n                <a href=\"https:\/\/milkywaysblueyes.com\/en\/modern-garden-ideas-my-low-budget-selection-at-westwing\/\"><img loading=\"lazy\" decoding=\"async\" width=\"480\" height=\"720\" src=\"https:\/\/milkywaysblueyes.com\/wp-content\/uploads\/2023\/04\/TERRASSE-FAUTEUIL-SUSPENDU-480x720.jpg\" class=\"attachment-blog-portfolio size-blog-portfolio wp-post-image\" alt=\"coin terrasse avec fauteuil suspendu\" srcset=\"https:\/\/milkywaysblueyes.com\/wp-content\/uploads\/2023\/04\/TERRASSE-FAUTEUIL-SUSPENDU-480x720.jpg 480w, https:\/\/milkywaysblueyes.com\/wp-content\/uploads\/2023\/04\/TERRASSE-FAUTEUIL-SUSPENDU-200x300.jpg 200w, https:\/\/milkywaysblueyes.com\/wp-content\/uploads\/2023\/04\/TERRASSE-FAUTEUIL-SUSPENDU-97x146.jpg 97w, https:\/\/milkywaysblueyes.com\/wp-content\/uploads\/2023\/04\/TERRASSE-FAUTEUIL-SUSPENDU-33x50.jpg 33w, https:\/\/milkywaysblueyes.com\/wp-content\/uploads\/2023\/04\/TERRASSE-FAUTEUIL-SUSPENDU-50x75.jpg 50w, https:\/\/milkywaysblueyes.com\/wp-content\/uploads\/2023\/04\/TERRASSE-FAUTEUIL-SUSPENDU-450x675.jpg 450w, https:\/\/milkywaysblueyes.com\/wp-content\/uploads\/2023\/04\/TERRASSE-FAUTEUIL-SUSPENDU.jpg 600w\" sizes=\"auto, (max-width: 480px) 100vw, 480px\" \/><\/a>                <div>\n                    <p class=\"milky-post-item-cat\">Interior design<\/p>\n                    <p class=\"milky-post-item-date\">16 June 2025<\/p>\n\n                    <h3><a href=\"https:\/\/milkywaysblueyes.com\/en\/modern-garden-ideas-my-low-budget-selection-at-westwing\/\">Modern garden ideas: my low-budget selection at Westwing<\/a><\/h3>\n                    <div class=\"excerpt\">\n                        Looking to redesign your home? I've put together a selection of my decorating favourites from the Westwing Collection!                    <\/div>\n\n                <\/div>\n\n                <div class=\"\">\n                    <a href=\"https:\/\/milkywaysblueyes.com\/en\/modern-garden-ideas-my-low-budget-selection-at-westwing\/\" class=\"button\">Read more<\/a>\n                <\/div>\n            <\/div>\n                    <div class=\"milky-post-item\">\n\n                \n                <a href=\"https:\/\/milkywaysblueyes.com\/en\/where-to-buy-boucle-sofa-2\/\"><img loading=\"lazy\" decoding=\"async\" width=\"480\" height=\"720\" src=\"https:\/\/milkywaysblueyes.com\/wp-content\/uploads\/2025\/05\/GALERIE-CAPUCINE-CANAPE-BOUCLETTE-480x720.jpg\" class=\"attachment-blog-portfolio size-blog-portfolio wp-post-image\" alt=\"d\u00e9coration int\u00e9rieure avec canap\u00e9 bouclette, table basse en travertin et console en bois\" srcset=\"https:\/\/milkywaysblueyes.com\/wp-content\/uploads\/2025\/05\/GALERIE-CAPUCINE-CANAPE-BOUCLETTE-480x720.jpg 480w, https:\/\/milkywaysblueyes.com\/wp-content\/uploads\/2025\/05\/GALERIE-CAPUCINE-CANAPE-BOUCLETTE-200x300.jpg 200w, https:\/\/milkywaysblueyes.com\/wp-content\/uploads\/2025\/05\/GALERIE-CAPUCINE-CANAPE-BOUCLETTE-675x1013.jpg 675w, https:\/\/milkywaysblueyes.com\/wp-content\/uploads\/2025\/05\/GALERIE-CAPUCINE-CANAPE-BOUCLETTE-768x1152.jpg 768w, https:\/\/milkywaysblueyes.com\/wp-content\/uploads\/2025\/05\/GALERIE-CAPUCINE-CANAPE-BOUCLETTE-97x146.jpg 97w, https:\/\/milkywaysblueyes.com\/wp-content\/uploads\/2025\/05\/GALERIE-CAPUCINE-CANAPE-BOUCLETTE-33x50.jpg 33w, https:\/\/milkywaysblueyes.com\/wp-content\/uploads\/2025\/05\/GALERIE-CAPUCINE-CANAPE-BOUCLETTE-50x75.jpg 50w, https:\/\/milkywaysblueyes.com\/wp-content\/uploads\/2025\/05\/GALERIE-CAPUCINE-CANAPE-BOUCLETTE-450x675.jpg 450w, https:\/\/milkywaysblueyes.com\/wp-content\/uploads\/2025\/05\/GALERIE-CAPUCINE-CANAPE-BOUCLETTE.jpg 800w\" sizes=\"auto, (max-width: 480px) 100vw, 480px\" \/><\/a>                <div>\n                    <p class=\"milky-post-item-cat\">Interior design<\/p>\n                    <p class=\"milky-post-item-date\">11 June 2025<\/p>\n\n                    <h3><a href=\"https:\/\/milkywaysblueyes.com\/en\/where-to-buy-boucle-sofa-2\/\">Boucl\u00e9 sofa: where to buy a quality model?<\/a><\/h3>\n                    <div class=\"excerpt\">\n                        Are you looking to replace your sofa? I've put together some top tips and a full comparison guide for buying a quality boucl\u00e9 sofa!                    <\/div>\n\n                <\/div>\n\n                <div class=\"\">\n                    <a href=\"https:\/\/milkywaysblueyes.com\/en\/where-to-buy-boucle-sofa-2\/\" class=\"button\">Read more<\/a>\n                <\/div>\n            <\/div>\n                    <div class=\"milky-post-item\">\n\n                \n                <a href=\"https:\/\/milkywaysblueyes.com\/en\/interior-design-timeless-favourites-westwing-collection-2\/\"><img loading=\"lazy\" decoding=\"async\" width=\"480\" height=\"720\" src=\"https:\/\/milkywaysblueyes.com\/wp-content\/uploads\/2025\/05\/SUITE-APPOLINE-CANAPE-ALBA-480x720.jpg\" class=\"attachment-blog-portfolio size-blog-portfolio wp-post-image\" alt=\"salle meubl\u00e9e avec canap\u00e9 Alba de Westwing Collection\" srcset=\"https:\/\/milkywaysblueyes.com\/wp-content\/uploads\/2025\/05\/SUITE-APPOLINE-CANAPE-ALBA-480x720.jpg 480w, https:\/\/milkywaysblueyes.com\/wp-content\/uploads\/2025\/05\/SUITE-APPOLINE-CANAPE-ALBA-200x300.jpg 200w, https:\/\/milkywaysblueyes.com\/wp-content\/uploads\/2025\/05\/SUITE-APPOLINE-CANAPE-ALBA-675x1013.jpg 675w, https:\/\/milkywaysblueyes.com\/wp-content\/uploads\/2025\/05\/SUITE-APPOLINE-CANAPE-ALBA-768x1152.jpg 768w, https:\/\/milkywaysblueyes.com\/wp-content\/uploads\/2025\/05\/SUITE-APPOLINE-CANAPE-ALBA-97x146.jpg 97w, https:\/\/milkywaysblueyes.com\/wp-content\/uploads\/2025\/05\/SUITE-APPOLINE-CANAPE-ALBA-33x50.jpg 33w, https:\/\/milkywaysblueyes.com\/wp-content\/uploads\/2025\/05\/SUITE-APPOLINE-CANAPE-ALBA-50x75.jpg 50w, https:\/\/milkywaysblueyes.com\/wp-content\/uploads\/2025\/05\/SUITE-APPOLINE-CANAPE-ALBA-450x675.jpg 450w, https:\/\/milkywaysblueyes.com\/wp-content\/uploads\/2025\/05\/SUITE-APPOLINE-CANAPE-ALBA.jpg 800w\" sizes=\"auto, (max-width: 480px) 100vw, 480px\" \/><\/a>                <div>\n                    <p class=\"milky-post-item-cat\">Interior design<\/p>\n                    <p class=\"milky-post-item-date\">11 June 2025<\/p>\n\n                    <h3><a href=\"https:\/\/milkywaysblueyes.com\/en\/interior-design-timeless-favourites-westwing-collection-2\/\">Interior design: my timeless favourites from Westwing Collection<\/a><\/h3>\n                    <div class=\"excerpt\">\n                        Looking to redesign your home? I've put together a selection of my decorating favourites from the Westwing Collection!                    <\/div>\n\n                <\/div>\n\n                <div class=\"\">\n                    <a href=\"https:\/\/milkywaysblueyes.com\/en\/interior-design-timeless-favourites-westwing-collection-2\/\" class=\"button\">Read more<\/a>\n                <\/div>\n            <\/div>\n                    <div class=\"milky-post-item\">\n\n                \n                <a href=\"https:\/\/milkywaysblueyes.com\/en\/capsule-wardrobe-women-the-key-to-minimalist-fashion-in-2025\/\"><img loading=\"lazy\" decoding=\"async\" width=\"480\" height=\"720\" src=\"https:\/\/milkywaysblueyes.com\/wp-content\/uploads\/2025\/06\/TENUE-MINIMALISTE-MI-SAISON-480x720.jpg\" class=\"attachment-blog-portfolio size-blog-portfolio wp-post-image\" alt=\"tenue minimaliste femme avec robe pull et bottes S\u00e9zane\" srcset=\"https:\/\/milkywaysblueyes.com\/wp-content\/uploads\/2025\/06\/TENUE-MINIMALISTE-MI-SAISON-480x720.jpg 480w, https:\/\/milkywaysblueyes.com\/wp-content\/uploads\/2025\/06\/TENUE-MINIMALISTE-MI-SAISON-200x300.jpg 200w, https:\/\/milkywaysblueyes.com\/wp-content\/uploads\/2025\/06\/TENUE-MINIMALISTE-MI-SAISON-675x1013.jpg 675w, https:\/\/milkywaysblueyes.com\/wp-content\/uploads\/2025\/06\/TENUE-MINIMALISTE-MI-SAISON-768x1152.jpg 768w, https:\/\/milkywaysblueyes.com\/wp-content\/uploads\/2025\/06\/TENUE-MINIMALISTE-MI-SAISON-1024x1536.jpg 1024w, https:\/\/milkywaysblueyes.com\/wp-content\/uploads\/2025\/06\/TENUE-MINIMALISTE-MI-SAISON-97x146.jpg 97w, https:\/\/milkywaysblueyes.com\/wp-content\/uploads\/2025\/06\/TENUE-MINIMALISTE-MI-SAISON-33x50.jpg 33w, https:\/\/milkywaysblueyes.com\/wp-content\/uploads\/2025\/06\/TENUE-MINIMALISTE-MI-SAISON-50x75.jpg 50w, https:\/\/milkywaysblueyes.com\/wp-content\/uploads\/2025\/06\/TENUE-MINIMALISTE-MI-SAISON-450x675.jpg 450w, https:\/\/milkywaysblueyes.com\/wp-content\/uploads\/2025\/06\/TENUE-MINIMALISTE-MI-SAISON.jpg 1080w\" sizes=\"auto, (max-width: 480px) 100vw, 480px\" \/><\/a>                <div>\n                    <p class=\"milky-post-item-cat\">Fashion<\/p>\n                    <p class=\"milky-post-item-date\">10 June 2025<\/p>\n\n                    <h3><a href=\"https:\/\/milkywaysblueyes.com\/en\/capsule-wardrobe-women-the-key-to-minimalist-fashion-in-2025\/\">Capsule wardrobe women: the key to minimalist fashion in 2025<\/a><\/h3>\n                    <div class=\"excerpt\">\n                        Is your wardrobe overflowing but you never know what to wear? Here's how to create a minimalist, trendy capsule wardrobe!                    <\/div>\n\n                <\/div>\n\n                <div class=\"\">\n                    <a href=\"https:\/\/milkywaysblueyes.com\/en\/capsule-wardrobe-women-the-key-to-minimalist-fashion-in-2025\/\" class=\"button\">Read more<\/a>\n                <\/div>\n            <\/div>\n                    <div class=\"milky-post-item\">\n\n                \n                <a href=\"https:\/\/milkywaysblueyes.com\/en\/puglia-boat-trips\/\"><img loading=\"lazy\" decoding=\"async\" width=\"540\" height=\"720\" src=\"https:\/\/milkywaysblueyes.com\/wp-content\/uploads\/2022\/08\/location-bateau-pouilles-castro-540x720.jpg\" class=\"attachment-blog-portfolio size-blog-portfolio wp-post-image\" alt=\"Location bateau Pouilles : bateaux sans permis \u00e0 Castro\" srcset=\"https:\/\/milkywaysblueyes.com\/wp-content\/uploads\/2022\/08\/location-bateau-pouilles-castro-540x720.jpg 540w, https:\/\/milkywaysblueyes.com\/wp-content\/uploads\/2022\/08\/location-bateau-pouilles-castro-225x300.jpg 225w, https:\/\/milkywaysblueyes.com\/wp-content\/uploads\/2022\/08\/location-bateau-pouilles-castro-675x900.jpg 675w, https:\/\/milkywaysblueyes.com\/wp-content\/uploads\/2022\/08\/location-bateau-pouilles-castro-768x1024.jpg 768w, https:\/\/milkywaysblueyes.com\/wp-content\/uploads\/2022\/08\/location-bateau-pouilles-castro-110x146.jpg 110w, https:\/\/milkywaysblueyes.com\/wp-content\/uploads\/2022\/08\/location-bateau-pouilles-castro-38x50.jpg 38w, https:\/\/milkywaysblueyes.com\/wp-content\/uploads\/2022\/08\/location-bateau-pouilles-castro-56x75.jpg 56w, https:\/\/milkywaysblueyes.com\/wp-content\/uploads\/2022\/08\/location-bateau-pouilles-castro-506x675.jpg 506w, https:\/\/milkywaysblueyes.com\/wp-content\/uploads\/2022\/08\/location-bateau-pouilles-castro.jpg 1080w\" sizes=\"auto, (max-width: 540px) 100vw, 540px\" \/><\/a>                <div>\n                    <p class=\"milky-post-item-cat\">Europe<\/p>\n                    <p class=\"milky-post-item-date\">23 August 2024<\/p>\n\n                    <h3><a href=\"https:\/\/milkywaysblueyes.com\/en\/puglia-boat-trips\/\">Puglia boat trips: the best adresses to rent a boat<\/a><\/h3>\n                    <div class=\"excerpt\">\n                        Would you like hiring a boat in Puglia? Find out where you can rent a boat without a licence or take a trip with a skipper!                    <\/div>\n\n                <\/div>\n\n                <div class=\"\">\n                    <a href=\"https:\/\/milkywaysblueyes.com\/en\/puglia-boat-trips\/\" class=\"button\">Read more<\/a>\n                <\/div>\n            <\/div>\n                    <div class=\"milky-post-item\">\n\n                \n                <a href=\"https:\/\/milkywaysblueyes.com\/en\/what-to-do-in-puglia-flea-markets\/\"><img loading=\"lazy\" decoding=\"async\" width=\"480\" height=\"720\" src=\"https:\/\/milkywaysblueyes.com\/wp-content\/uploads\/2024\/07\/PUGLIA-2024-BROCANTE-OSTUNI-480x720.jpg\" class=\"attachment-blog-portfolio size-blog-portfolio wp-post-image\" alt=\"brocante et march\u00e9 d&#039;antiquit\u00e9 \u00e0 Ostuni dans les Pouilles\" srcset=\"https:\/\/milkywaysblueyes.com\/wp-content\/uploads\/2024\/07\/PUGLIA-2024-BROCANTE-OSTUNI-480x720.jpg 480w, https:\/\/milkywaysblueyes.com\/wp-content\/uploads\/2024\/07\/PUGLIA-2024-BROCANTE-OSTUNI-200x300.jpg 200w, https:\/\/milkywaysblueyes.com\/wp-content\/uploads\/2024\/07\/PUGLIA-2024-BROCANTE-OSTUNI-675x1013.jpg 675w, https:\/\/milkywaysblueyes.com\/wp-content\/uploads\/2024\/07\/PUGLIA-2024-BROCANTE-OSTUNI-768x1152.jpg 768w, https:\/\/milkywaysblueyes.com\/wp-content\/uploads\/2024\/07\/PUGLIA-2024-BROCANTE-OSTUNI-1024x1536.jpg 1024w, https:\/\/milkywaysblueyes.com\/wp-content\/uploads\/2024\/07\/PUGLIA-2024-BROCANTE-OSTUNI-97x146.jpg 97w, https:\/\/milkywaysblueyes.com\/wp-content\/uploads\/2024\/07\/PUGLIA-2024-BROCANTE-OSTUNI-33x50.jpg 33w, https:\/\/milkywaysblueyes.com\/wp-content\/uploads\/2024\/07\/PUGLIA-2024-BROCANTE-OSTUNI-50x75.jpg 50w, https:\/\/milkywaysblueyes.com\/wp-content\/uploads\/2024\/07\/PUGLIA-2024-BROCANTE-OSTUNI-450x675.jpg 450w, https:\/\/milkywaysblueyes.com\/wp-content\/uploads\/2024\/07\/PUGLIA-2024-BROCANTE-OSTUNI.jpg 1080w\" sizes=\"auto, (max-width: 480px) 100vw, 480px\" \/><\/a>                <div>\n                    <p class=\"milky-post-item-cat\">Europe<\/p>\n                    <p class=\"milky-post-item-date\">23 August 2024<\/p>\n\n                    <h3><a href=\"https:\/\/milkywaysblueyes.com\/en\/what-to-do-in-puglia-flea-markets\/\">What to do in Puglia: the flea markets<\/a><\/h3>\n                    <div class=\"excerpt\">\n                        You know my passion for antiques and old decorative objects. In this article, I share with you the best flea markets and antique markets that take place in Puglia!                    <\/div>\n\n                <\/div>\n\n                <div class=\"\">\n                    <a href=\"https:\/\/milkywaysblueyes.com\/en\/what-to-do-in-puglia-flea-markets\/\" class=\"button\">Read more<\/a>\n                <\/div>\n            <\/div>\n        \n    <\/div>\n<br>no-repeat;left top;;<br>auto<br><br><h2>Fashion Tips<\/h2> <br>Discover all my secrets, tips and fashion advice. How to hide your bra? How to wear pants that have become too big but that your love? I answer all your questions. <br><a class=\"button  button_size_2 button_dark\"  href=\"\"    ><span class=\"button_label\">Button<\/span><\/a>\n<br><br><br><img decoding=\"async\" src=\"https:\/\/milkywaysblueyes.com\/wp-content\/uploads\/2022\/11\/ENSEMBLE-SEZANE-PARIS-LOOK-FEMME-9428.jpg\" alt=\"ENSEMBLE-SEZANE-PARIS-LOOK-FEMME-9428\" loading=\"lazy\"><br><br><br><img decoding=\"async\" src=\"https:\/\/milkywaysblueyes.com\/wp-content\/uploads\/2023\/02\/WINTER-OUTFIT-TEDDY.jpg\" alt=\"Winter outfit woman teddy coat\" loading=\"lazy\"><br><br><br><h2>Selections<\/h2> <br>Are you in need of inspiration for a birthday present? Want to take advantage of Black Friday? Or do you want to fall for new trends but don\\&#8217;t know what to buy? I let you discover all my selections &#8230; <br><a class=\"button  button_size_2 button_dark\"  href=\"\"    ><span class=\"button_label\">Button<\/span><\/a>\n<br><br><br><h2>News<\/h2> <br>Follow with me the latest fashion events. I scan all the latest fashion news for you and with you. Fashion week, fashion event, find in this category the latest fashion news! <br><a class=\"button  button_size_2 button_dark\"  href=\"\"    ><span class=\"button_label\">Button<\/span><\/a>\n<br><br><br><img decoding=\"async\" src=\"https:\/\/milkywaysblueyes.com\/wp-content\/uploads\/2023\/02\/PFW-Tenue-Ritz-Fevrier-2023-1.jpg\" alt=\"Tenue Femme Paris Fashion Week Jupe Longue Blazer Beige Pochette Dior Santiags\" loading=\"lazy\"><br><br><br><\/p>\n","protected":false},"excerpt":{"rendered":"<p>Immerse yourself in the world of women&#8217;s fashion with the latest news, the upcoming trends, find outfit ideas and great selections!<\/p>\n","protected":false},"author":11,"featured_media":0,"parent":0,"menu_order":19,"comment_status":"closed","ping_status":"closed","template":"","meta":{"_acf_changed":false,"footnotes":""},"class_list":["post-29353","page","type-page","status-publish","hentry"],"acf":[],"_links":{"self":[{"href":"https:\/\/milkywaysblueyes.com\/en\/wp-json\/wp\/v2\/pages\/29353","targetHints":{"allow":["GET"]}}],"collection":[{"href":"https:\/\/milkywaysblueyes.com\/en\/wp-json\/wp\/v2\/pages"}],"about":[{"href":"https:\/\/milkywaysblueyes.com\/en\/wp-json\/wp\/v2\/types\/page"}],"author":[{"embeddable":true,"href":"https:\/\/milkywaysblueyes.com\/en\/wp-json\/wp\/v2\/users\/11"}],"replies":[{"embeddable":true,"href":"https:\/\/milkywaysblueyes.com\/en\/wp-json\/wp\/v2\/comments?post=29353"}],"version-history":[{"count":0,"href":"https:\/\/milkywaysblueyes.com\/en\/wp-json\/wp\/v2\/pages\/29353\/revisions"}],"wp:attachment":[{"href":"https:\/\/milkywaysblueyes.com\/en\/wp-json\/wp\/v2\/media?parent=29353"}],"curies":[{"name":"wp","href":"https:\/\/api.w.org\/{rel}","templated":true}]}}